{"id":2376,"date":"2018-05-30T07:51:09","date_gmt":"2018-05-30T07:51:09","guid":{"rendered":"http:\/\/www.asthoncargo.es\/web\/?page_id=2376"},"modified":"2018-05-30T07:51:30","modified_gmt":"2018-05-30T07:51:30","slug":"politica-de-cookies","status":"publish","type":"page","link":"http:\/\/www.asthoncargo.es\/web\/en\/politica-de-cookies\/","title":{"rendered":"POL\u00cdTICA DE COOKIES"},"content":{"rendered":"<p class=\"p1\"><span class=\"s1\"><b>ASTHON CARGO<span class=\"Apple-converted-space\">\u00a0<\/span><\/b><span class=\"Apple-converted-space\">\u00a0<\/span>le<b>\u00a0<\/b>informa acerca del uso de las cookies en sus p\u00e1ginas web.<\/span><\/p>\n<p class=\"p1\"><span class=\"s1\">Las cookies son archivos que se pueden descargar en su equipo a trav\u00e9s de las p\u00e1ginas web. Son herramientas que tienen un papel esencial para la prestaci\u00f3n de numerosos servicios de la sociedad de la informaci\u00f3n. Entre otros, permiten a una p\u00e1gina web almacenar y recuperar informaci\u00f3n sobre los h\u00e1bitos de navegaci\u00f3n de un usuario o de su equipo y, dependiendo de la informaci\u00f3n obtenida, se pueden utilizar para reconocer al usuario y mejorar el servicio ofrecido.<\/span><\/p>\n<p class=\"p2\"><span class=\"s1\"><b>Tipos de cookies<\/b><\/span><\/p>\n<p class=\"p1\"><span class=\"s1\">Seg\u00fan quien sea la entidad que gestione el dominio desde donde se env\u00edan las cookies y trate los datos que se obtengan se pueden distinguir dos tipos:\u00a0<b>cookies propias y cookies de terceros\u00a0<\/b>.<\/span><\/p>\n<p class=\"p1\"><span class=\"s1\">Existe tambi\u00e9n una segunda clasificaci\u00f3n seg\u00fan el plazo de tiempo que permanecen almacenadas en el navegador del cliente, pudiendo tratarse de\u00a0<b>cookies de sesi\u00f3n o cookies persistentes\u00a0<\/b>.<\/span><\/p>\n<p class=\"p1\"><span class=\"s1\">Por \u00faltimo, existe otra clasificaci\u00f3n con cinco tipos de cookies seg\u00fan la finalidad para la que se traten los datos obtenidos:\u00a0<b>cookies t\u00e9cnicas, cookies de personalizaci\u00f3n, cookies de an\u00e1lisis, cookies publicitarias y cookies de publicidad comportamental\u00a0<\/b>.<\/span><\/p>\n<p class=\"p3\"><span class=\"s1\"><b>Cookies utilizadas en la web<\/b><\/span><\/p>\n<p class=\"p1\"><span class=\"s1\">A continuaci\u00f3n se identifican las cookies que est\u00e1n siendo utilizadas en este portal as\u00ed como su tipolog\u00eda y funci\u00f3n:<\/span><\/p>\n<p class=\"p4\"><span class=\"s1\">Esta p\u00e1gina web utiliza\u00a0<b>Google Analytics\u00a0<\/b>, un servicio de anal\u00edtica web desarrollada por Google, que permite la medici\u00f3n y an\u00e1lisis de la navegaci\u00f3n en las p\u00e1ginas web. En su navegador podr\u00e1 observar\u00a0<b>4 cookies de este servicio\u00a0<\/b>. Seg\u00fan la tipolog\u00eda anterior se trata de cookies propias, de sesi\u00f3n y de an\u00e1lisis. Puede encontrar m\u00e1s informaci\u00f3n al respecto e inhabilitar el uso de estas cookies\u00a0<a href=\"http:\/\/www.google.es\/intl\/es\/analytics\/privacyoverview.html\"><span class=\"s2\">www.google.es\/intl\/es\/analytics\/privacyoverview.html\u00a0<\/span><\/a>.<\/span><\/p>\n<p class=\"p4\"><span class=\"s1\">A trav\u00e9s de la anal\u00edtica web se obtiene informaci\u00f3n relativa al n\u00famero de usuarios que acceden a la web, el n\u00famero de p\u00e1ginas vistas, la frecuencia y repetici\u00f3n de las visitas, su duraci\u00f3n, el navegador utilizado, el operador que presta el servicio, el idioma, el terminal que utiliza, o la ciudad a la que est\u00e1 asignada su direcci\u00f3n IP. Informaci\u00f3n que posibilita un mejor y m\u00e1s apropiado servicio por parte de este portal.<\/span><\/p>\n<p class=\"p4\"><span class=\"s1\">Otra de las cookies que se descargan es una cookie de tipo t\u00e9cnico denominada\u00a0<b>ASP.NET_SessionId\u00a0<\/b>. Esta cookie permite almacenar un identificador \u00fanico por sesi\u00f3n a trav\u00e9s del que es posible vincular datos necesarios para posibilitar la navegaci\u00f3n en curso.<\/span><\/p>\n<p class=\"p4\"><span class=\"s1\">Por \u00faltimo, se descarga una cookie de tipo t\u00e9cnico denominada\u00a0<b>cookies_policy\u00a0<\/b>, propia, de tipo t\u00e9cnico y de sesi\u00f3n. Gestiona el consentimiento del usuario\u00a0para el uso de las cookies en la p\u00e1gina web, con el objeto de recordar aquellos usuarios que las han aceptado y aquellos que no, de modo que a los primeros no se les muestre informaci\u00f3n en la parte superior de la p\u00e1gina al respecto.<\/span><\/p>\n<p class=\"p2\"><span class=\"s1\"><b>Aceptaci\u00f3n de la Pol\u00edtica de cookies<\/b><\/span><\/p>\n<p class=\"p1\"><span class=\"s1\"><b>ASTHON CARGO<\/b>\u00a0asume que usted acepta el uso de cookies. No obstante, nuestra informaci\u00f3n sobre la Pol\u00edtica de cookies en la parte superior de cualquier p\u00e1gina del portal con cada inicio de sesi\u00f3n con el objeto de que usted sea consciente.<\/span><\/p>\n<p class=\"p1\"><span class=\"s1\">Ante esta informaci\u00f3n es posible llevar a cabo las siguientes acciones:<\/span><\/p>\n<ul class=\"ul1\">\n<li class=\"li5\"><span class=\"s1\"><b>Aceptar cookies.\u00a0<\/b>No se volver\u00e1 a visualizar este aviso al acceder a cualquier p\u00e1gina del portal durante la presente sesi\u00f3n.<\/span><\/li>\n<li class=\"li5\"><span class=\"s1\"><b>Cerrar.\u00a0<\/b>Se oculta el aviso en la presente p\u00e1gina.<\/span><\/li>\n<li class=\"li5\"><span class=\"s1\"><b>Modificar su configuraci\u00f3n.\u00a0<\/b>Podr\u00e1 obtener m\u00e1s informaci\u00f3n sobre qu\u00e9 son las cookies, conocer la Pol\u00edtica de cookies de\u00a0<b>ASTHON CARGO<\/b>\u00a0y modificar la configuraci\u00f3n de su navegador.<\/span><\/li>\n<\/ul>\n<p class=\"p2\"><span class=\"s1\"><b>C\u00f3mo modificar la configuraci\u00f3n de las cookies<\/b><\/span><\/p>\n<p class=\"p1\"><span class=\"s1\">Usted puede restringir, bloquear o borrar las cookies de\u00a0<b>ASTHON CARGO<\/b>\u00a0o cualquier otra p\u00e1gina web, utilizando su navegador. En cada navegador la operativa es diferente, la funci\u00f3n de &#8216;Ayuda&#8217; le mostrar\u00e1 c\u00f3mo hacerlo.<\/span><\/p>\n<ul class=\"ul1\">\n<li class=\"li6\"><span class=\"s5\"><b>Internet Explorer:\u00a0<\/b><a href=\"http:\/\/windows.microsoft.com\/es-xl\/internet-explorer\/delete-manage-cookies#ie=ie-10\"><span class=\"s2\">windows.microsoft.com\/es-xl\/internet-explorer\/delete-manage-cookies#ie=ie-10<\/span><\/a><\/span><\/li>\n<li class=\"li6\"><span class=\"s5\"><b>FireFox:\u00a0<\/b><a href=\"https:\/\/support.mozilla.org\/es\/kb\/Borrar%2520cookies\"><span class=\"s2\">support.mozilla.org\/es\/kb\/Borrar%20cookies<\/span><\/a><\/span><\/li>\n<li class=\"li6\"><span class=\"s5\"><b>Chrome:\u00a0<\/b><a href=\"https:\/\/support.google.com\/chrome\/answer\/95647?hl=es\"><span class=\"s2\">support.google.com\/chrome\/answer\/95647?hl=es<\/span><\/a><\/span><\/li>\n<li class=\"li6\"><span class=\"s5\"><b>Safari:\u00a0<\/b><a href=\"http:\/\/www.apple.com\/es\/privacy\/use-of-cookies\/\"><span class=\"s2\">www.apple.com\/es\/privacy\/use-of-cookies\/<\/span><\/a><\/span><\/li>\n<\/ul>\n<p class=\"p1\"><span class=\"s1\">En caso de bloquear el uso de &#8216;cookies&#8217; en su navegador es posible que algunos servicios o funcionalidades de la p\u00e1gina web no est\u00e9n disponibles.<\/span><\/p>\n<p class=\"p1\">\n<p class=\"p1\">\n<p class=\"p1\">\n<p class=\"p1\">","protected":false},"excerpt":{"rendered":"<p>ASTHON CARGO\u00a0\u00a0le\u00a0informa acerca del uso de las cookies en sus p\u00e1ginas web. Las cookies son archivos que se pueden descargar en su equipo a trav\u00e9s de las p\u00e1ginas web. Son herramientas que tienen un papel esencial para la prestaci\u00f3n de numerosos servicios de la sociedad de la informaci\u00f3n. Entre otros, permiten a una p\u00e1gina web [&hellip;]<\/p>\n","protected":false},"author":1,"featured_media":0,"parent":0,"menu_order":0,"comment_status":"closed","ping_status":"closed","template":"","meta":[],"_links":{"self":[{"href":"http:\/\/www.asthoncargo.es\/web\/en\/wp-json\/wp\/v2\/pages\/2376"}],"collection":[{"href":"http:\/\/www.asthoncargo.es\/web\/en\/wp-json\/wp\/v2\/pages"}],"about":[{"href":"http:\/\/www.asthoncargo.es\/web\/en\/wp-json\/wp\/v2\/types\/page"}],"author":[{"embeddable":true,"href":"http:\/\/www.asthoncargo.es\/web\/en\/wp-json\/wp\/v2\/users\/1"}],"replies":[{"embeddable":true,"href":"http:\/\/www.asthoncargo.es\/web\/en\/wp-json\/wp\/v2\/comments?post=2376"}],"version-history":[{"count":3,"href":"http:\/\/www.asthoncargo.es\/web\/en\/wp-json\/wp\/v2\/pages\/2376\/revisions"}],"predecessor-version":[{"id":2379,"href":"http:\/\/www.asthoncargo.es\/web\/en\/wp-json\/wp\/v2\/pages\/2376\/revisions\/2379"}],"wp:attachment":[{"href":"http:\/\/www.asthoncargo.es\/web\/en\/wp-json\/wp\/v2\/media?parent=2376"}],"curies":[{"name":"wp","href":"https:\/\/api.w.org\/{rel}","templated":true}]}}