{"id":1505,"date":"2015-12-12T10:43:51","date_gmt":"2015-12-12T10:43:51","guid":{"rendered":"http:\/\/albertosoler.net\/asthoncargodev\/?page_id=1505"},"modified":"2023-02-01T09:32:45","modified_gmt":"2023-02-01T09:32:45","slug":"contacto","status":"publish","type":"page","link":"http:\/\/www.asthoncargo.es\/web\/contacto\/","title":{"rendered":"Contacto"},"content":{"rendered":"<div class=\"clearboth\"><\/div><\/div><\/div><\/div><div id=\"mk-page-section-69f53f98eae84\" data-intro-effect=\"false\" class=\"full-width-69f53f98eae84  mk-animate-element fade-in  full-height-false mk-page-section self-hosted mk-blur-parent mk-shortcode  \" ><div class=\"mk-video-color-mask\"><\/div><div class=\"background-clipper\"><\/div><div class=\"mk-grid vc_row-fluid page-section-content\"><div class=\"mk-padding-wrapper\">\n\t<div style=\"\" class=\"vc_col-sm-12 wpb_column column_container \">\n\t\t\t<div class=\"vc_empty_space\"  style=\"height: 30px\" ><span\n\t\tclass=\"vc_empty_space_inner\"><\/span><\/div>\n\t<div style=\"text-align: left;\" class=\"mk-text-block  true\"><h1>CONTACTO<\/h1>\n<div class=\"clearboth\"><\/div><\/div> \n\t<\/div><\/div><div class=\"clearboth\"><\/div><\/div><div class=\"clearboth\"><\/div><\/div><div class=\"mk-main-wrapper-holder\"><div class=\"theme-page-wrapper  -layout mk-grid vc_row-fluid row-fluid\"><div class=\"theme-content \"><div id=\"ajax-69f53f98eae84\" class=\"mk-dynamic-styles\"><!--  .full-width-69f53f98eae84 { min-height:0px; padding:10px 0 0px; margin-bottom:0px; } #background-layer--69f53f98eae84 { background-position:left top; background-repeat:repeat; ; } --><\/div><div class=\"wpb_row vc_row  vc_row-fluid  mk-fullwidth-false  attched-false vc_row-fluid vc_custom_1449918815866\">\n\t<div style=\"\" class=\"vc_col-sm-12 wpb_column column_container vc_custom_1449918491671 hidden-sm\">\n\t\t\t\t<div style=\"text-align: left;\" class=\"mk-text-block  true\">\n<div class=\"wpcf7 no-js\" id=\"wpcf7-f1549-o1\" lang=\"es-ES\" dir=\"ltr\">\n<div class=\"screen-reader-response\"><p role=\"status\" aria-live=\"polite\" aria-atomic=\"true\"><\/p> <ul><\/ul><\/div>\n<form action=\"\/web\/wp-json\/wp\/v2\/pages\/1505#wpcf7-f1549-o1\" method=\"post\" class=\"wpcf7-form init\" aria-label=\"Formulario de contacto\" novalidate=\"novalidate\" data-status=\"init\">\n<div style=\"display: none;\">\n<input type=\"hidden\" name=\"_wpcf7\" value=\"1549\" \/>\n<input type=\"hidden\" name=\"_wpcf7_version\" value=\"5.7.7\" \/>\n<input type=\"hidden\" name=\"_wpcf7_locale\" value=\"es_ES\" \/>\n<input type=\"hidden\" name=\"_wpcf7_unit_tag\" value=\"wpcf7-f1549-o1\" \/>\n<input type=\"hidden\" name=\"_wpcf7_container_post\" value=\"0\" \/>\n<input type=\"hidden\" name=\"_wpcf7_posted_data_hash\" value=\"\" \/>\n<input type=\"hidden\" name=\"_wpcf7_recaptcha_response\" value=\"\" \/>\n<\/div>\n<table width=\"100%\" border=\"0\" cellspacing=\"0\" cellpadding=\"0\">\n\t<tr>\n\t\t<td width=\"10%\">\n\t\t\t<p>Nombre y apellido *\n\t\t\t<\/p>\n\t\t\t<p><span class=\"wpcf7-form-control-wrap\" data-name=\"your-name\"><input size=\"40\" class=\"wpcf7-form-control wpcf7-text wpcf7-validates-as-required\" aria-required=\"true\" aria-invalid=\"false\" value=\"\" type=\"text\" name=\"your-name\" \/><\/span>\n\t\t\t<\/p>\n\t\t\t<p>Empresa\n\t\t\t<\/p>\n\t\t\t<p><span class=\"wpcf7-form-control-wrap\" data-name=\"your-company\"><input size=\"40\" class=\"wpcf7-form-control wpcf7-text\" aria-invalid=\"false\" value=\"\" type=\"text\" name=\"your-company\" \/><\/span>\n\t\t\t<\/p>\n\t\t\t<p>Tel\u00e9fono\n\t\t\t<\/p>\n\t\t\t<p><span class=\"wpcf7-form-control-wrap\" data-name=\"your-phone\"><input size=\"40\" class=\"wpcf7-form-control wpcf7-text\" aria-invalid=\"false\" value=\"\" type=\"text\" name=\"your-phone\" \/><\/span>\n\t\t\t<\/p>\n\t\t\t<p>Email *\n\t\t\t<\/p>\n\t\t\t<p><span class=\"wpcf7-form-control-wrap\" data-name=\"your-email\"><input size=\"40\" class=\"wpcf7-form-control wpcf7-text wpcf7-email wpcf7-validates-as-required wpcf7-validates-as-email\" aria-required=\"true\" aria-invalid=\"false\" value=\"\" type=\"email\" name=\"your-email\" \/><\/span>\n\t\t\t<\/p>\n\t\t<\/td>\n\t\t<td>\n\t\t\t<p>Mensaje *\n\t\t\t<\/p>\n\t\t\t<p><span class=\"wpcf7-form-control-wrap\" data-name=\"your-message\"><textarea cols=\"40\" rows=\"10\" class=\"wpcf7-form-control wpcf7-textarea wpcf7-validates-as-required\" aria-required=\"true\" aria-invalid=\"false\" name=\"your-message\"><\/textarea><\/span>\n\t\t\t<\/p>\n\t\t\t<div>\n\t\t\t\t<p>Oficina con la que desea contactar *\n\t\t\t\t<\/p>\n\t\t\t\t<div style=\"float:left\">\n\t\t\t\t\t<p><span class=\"wpcf7-form-control-wrap\" data-name=\"menu-339\"><select class=\"wpcf7-form-control wpcf7-select wpcf7-validates-as-required\" aria-required=\"true\" aria-invalid=\"false\" name=\"menu-339\"><option value=\"Barcelona\">Barcelona<\/option><option value=\"Bilbao\">Bilbao<\/option><option value=\"Valencia\">Valencia<\/option><option value=\"Algeciras\">Algeciras<\/option><option value=\"Madrid\">Madrid<\/option><option value=\"Vigo\">Vigo<\/option><\/select><\/span>\n\t\t\t\t\t<\/p>\n\t\t\t\t<\/div>\n\t\t\t\t<p style=\"float:left; width: 100%;margin-top:15px; text-align:left; margin-left:-8px\"><span class=\"wpcf7-form-control-wrap\" data-name=\"lopd\"><span class=\"wpcf7-form-control wpcf7-checkbox wpcf7-validates-as-required wpcf7-exclusive-checkbox\"><span class=\"wpcf7-list-item first last\"><input type=\"checkbox\" name=\"lopd\" value=\"\" \/><span class=\"wpcf7-list-item-label\"><\/span><\/span><\/span><\/span> He le\u00eddo y acepto la <a href=\"http:\/\/www.asthoncargo.es\/web\/en\/politica-de-privacidad\" target=\"_blank\" style=\"text-decoration:underline\"><strong>pol\u00edtica de privacidad<\/strong><\/a>\n\t\t\t\t<\/p>\n\t\t\t\t<div style=\"width: 100%;float: left;margin-top:10px; margin-bottom:10px\">\n\t\t\t\t\n\t\t\t\t<\/div>\n\t\t\t\t<div style=\"margin-left:0px; float:left\">\n\t\t\t\t\t<p><input class=\"wpcf7-form-control has-spinner wpcf7-submit\" type=\"submit\" value=\"Enviar\" \/>\n\t\t\t\t\t<\/p>\n\t\t\t\t<\/div>\n\t\t\t<\/div>\n\t\t<\/td>\n\t<\/tr>\n<\/table><p style=\"display: none !important;\" class=\"akismet-fields-container\" data-prefix=\"_wpcf7_ak_\"><label>&#916;<textarea name=\"_wpcf7_ak_hp_textarea\" cols=\"45\" rows=\"8\" maxlength=\"100\"><\/textarea><\/label><input type=\"hidden\" id=\"ak_js_1\" name=\"_wpcf7_ak_js\" value=\"69\"\/><script>document.getElementById( \"ak_js_1\" ).setAttribute( \"value\", ( new Date() ).getTime() );<\/script><\/p><div class=\"wpcf7-response-output\" aria-hidden=\"true\"><\/div>\n<\/form>\n<\/div>\n\n<div class=\"clearboth\"><\/div><\/div> \n\t<\/div><\/div><div class=\"clearboth\"><\/div><\/div><\/div><\/div><div id=\"mk-page-section-69f53f98ebd13\" data-intro-effect=\"false\" class=\"full-width-69f53f98ebd13  full-height-false mk-page-section self-hosted mk-blur-parent mk-shortcode visible-sm \" ><div class=\"mk-video-color-mask\"><\/div><div class=\"background-clipper\"><\/div><div class=\"mk-grid vc_row-fluid page-section-content\"><div class=\"mk-padding-wrapper\">\n\t<div style=\"\" class=\"vc_col-sm-12 wpb_column column_container vc_custom_1449919248987 \">\n\t\t\t<div class=\"wpb_row vc_inner vc_row  vc_row-fluid   attched-false vc_row-fluid\"><div class=\"wpb_column vc_column_container vc_col-sm-12\"><div class=\"wpb_wrapper\">\t<div style=\"text-align: left;\" class=\"mk-text-block  true\"><h1>BILBAO<\/h1>\n<div class=\"clearboth\"><\/div><\/div> <div class=\"vc_empty_space\"  style=\"height: 20px\" ><span\n\t\tclass=\"vc_empty_space_inner\"><\/span><\/div>\n<\/div><\/div><\/div><div class=\"wpb_row vc_inner vc_row  vc_row-fluid   attched-false vc_row-fluid\"><div class=\"wpb_column vc_column_container vc_col-sm-12\"><div class=\"wpb_wrapper\"><div class=\"vc_message_box vc_message_box-solid-icon vc_message_box-square vc_color-grey vc_custom_1449164220501\">\n\t<div class=\"vc_message_box-icon\"><i class=\"entypo-icon entypo-icon-info-circled\"><\/i>\n\t<\/div><p>Iba\u00f1ez de Bilbao, 9, 48009 Bilbao, Vizcaya, Espa\u00f1a<br \/>\n<strong>Tel.: +34 94 661 22 93<br \/>\nEmail:\u00a0<a href=\"mailto:bilbao@asthoncargo.es\" target=\"_blank\" rel=\"noopener\">bilbao@asthoncargo.es<\/a><\/strong><\/p>\n<\/div><\/div><\/div><\/div>\n\t<\/div><\/div><div class=\"clearboth\"><\/div><\/div><div class=\"clearboth\"><\/div><\/div><div class=\"mk-main-wrapper-holder\"><div class=\"theme-page-wrapper  -layout mk-grid vc_row-fluid row-fluid\"><div class=\"theme-content \"><div id=\"ajax-69f53f98ebd13\" class=\"mk-dynamic-styles\"><!--  .full-width-69f53f98ebd13 { min-height:100px; padding:0px 0 10px; margin-bottom:0px; } #background-layer--69f53f98ebd13 { background-position:left top; background-repeat:repeat; ; } --><\/div><div class=\"clearboth\"><\/div><\/div><\/div><\/div><div id=\"mk-page-section-69f53f98ec17a\" data-intro-effect=\"false\" class=\"full-width-69f53f98ec17a  full-height-false mk-page-section self-hosted mk-blur-parent mk-shortcode visible-sm \" ><div class=\"mk-video-color-mask\"><\/div><div class=\"background-clipper\"><\/div><div class=\"mk-grid vc_row-fluid page-section-content\"><div class=\"mk-padding-wrapper\">\n\t<div style=\"\" class=\"vc_col-sm-12 wpb_column column_container \">\n\t\t\t<div class=\"wpb_row vc_inner vc_row  vc_row-fluid   attched-false vc_row-fluid\"><div class=\"wpb_column vc_column_container vc_col-sm-12\"><div class=\"wpb_wrapper\">\t<div style=\"text-align: left;\" class=\"mk-text-block  true\"><h1>BARCELONA<\/h1>\n<div class=\"clearboth\"><\/div><\/div> <div class=\"vc_empty_space\"  style=\"height: 20px\" ><span\n\t\tclass=\"vc_empty_space_inner\"><\/span><\/div>\n<\/div><\/div><\/div><div class=\"wpb_row vc_inner vc_row  vc_row-fluid   attched-false vc_row-fluid\"><div class=\"wpb_column vc_column_container vc_col-sm-12\"><div class=\"wpb_wrapper\"><div class=\"vc_message_box vc_message_box-solid-icon vc_message_box-square vc_color-grey vc_custom_1528111767157\">\n\t<div class=\"vc_message_box-icon\"><i class=\"entypo-icon entypo-icon-info-circled\"><\/i>\n\t<\/div><p>Carrer de Joan d\u2019\u00c0ustria, 126, 4\/1<br \/>\n08018-Barcelona<br \/>\n<strong>Tel.: +34 934 414 347<\/strong><br \/>\n<strong>Email:\u00a0<a href=\"mailto:barcelona@asthoncargo.com.es\" target=\"_blank\" rel=\"noopener\">barcelona@asthoncargo.com.es<\/a><\/strong><\/p>\n<\/div><\/div><\/div><\/div>\n\t<\/div><\/div><div class=\"clearboth\"><\/div><\/div><div class=\"clearboth\"><\/div><\/div><div class=\"mk-main-wrapper-holder\"><div class=\"theme-page-wrapper  -layout mk-grid vc_row-fluid row-fluid\"><div class=\"theme-content \"><div id=\"ajax-69f53f98ec17a\" class=\"mk-dynamic-styles\"><!--  .full-width-69f53f98ec17a { min-height:100px; padding:10px 0 10px; margin-bottom:0px; } #background-layer--69f53f98ec17a { background-position:left top; background-repeat:repeat; ; } --><\/div><div class=\"clearboth\"><\/div><\/div><\/div><\/div><div id=\"mk-page-section-69f53f98ec3b3\" data-intro-effect=\"false\" class=\"full-width-69f53f98ec3b3  full-height-false mk-page-section self-hosted mk-blur-parent mk-shortcode visible-sm \" ><div class=\"mk-video-color-mask\"><\/div><div class=\"background-clipper\"><\/div><div class=\"mk-grid vc_row-fluid page-section-content\"><div class=\"mk-padding-wrapper\">\n\t<div style=\"\" class=\"vc_col-sm-12 wpb_column column_container \">\n\t\t\t<div class=\"wpb_row vc_inner vc_row  vc_row-fluid   attched-false vc_row-fluid\"><div class=\"wpb_column vc_column_container vc_col-sm-12\"><div class=\"wpb_wrapper\">\t<div style=\"text-align: left;\" class=\"mk-text-block  true\"><h1>VALENCIA<\/h1>\n<div class=\"clearboth\"><\/div><\/div> <div class=\"vc_empty_space\"  style=\"height: 20px\" ><span\n\t\tclass=\"vc_empty_space_inner\"><\/span><\/div>\n<\/div><\/div><\/div><div class=\"wpb_row vc_inner vc_row  vc_row-fluid   attched-false vc_row-fluid\"><div class=\"wpb_column vc_column_container vc_col-sm-12\"><div class=\"wpb_wrapper\"><div class=\"vc_message_box vc_message_box-solid-icon vc_message_box-square vc_color-grey vc_custom_1449164365750\">\n\t<div class=\"vc_message_box-icon\"><i class=\"entypo-icon entypo-icon-info-circled\"><\/i>\n\t<\/div><p>Av. de Francia, 161 \u2013 Bajo, 46024 Valencia, Espa\u00f1a<br \/>\n<strong>Tel.: +34 963 24 56 65<\/strong><br \/>\n<strong>Email:\u00a0<a href=\"mailto:valencia@asthoncargo.net\">valencia@asthoncargo.net<\/a><\/strong><\/p>\n<\/div><\/div><\/div><\/div>\n\t<\/div><\/div><div class=\"clearboth\"><\/div><\/div><div class=\"clearboth\"><\/div><\/div><div class=\"mk-main-wrapper-holder\"><div class=\"theme-page-wrapper  -layout mk-grid vc_row-fluid row-fluid\"><div class=\"theme-content \"><div id=\"ajax-69f53f98ec3b3\" class=\"mk-dynamic-styles\"><!--  .full-width-69f53f98ec3b3 { min-height:100px; padding:10px 0 10px; margin-bottom:0px; } #background-layer--69f53f98ec3b3 { background-position:left top; background-repeat:repeat; ; } --><\/div><div class=\"wpb_row vc_row  vc_row-fluid  mk-fullwidth-false  attched-false vc_row-fluid\">\n\t<div style=\"\" class=\"vc_col-sm-12 wpb_column column_container \">\n\t\t\t<div class=\"vc_empty_space\"  style=\"height: 100px\" ><span\n\t\tclass=\"vc_empty_space_inner\"><\/span><\/div>\n\n\t<\/div><\/div>","protected":false},"excerpt":{"rendered":"CONTACTO Nombre y apellido * Empresa Tel\u00e9fono Email * Mensaje * Oficina con la que desea contactar * BarcelonaBilbaoValenciaAlgecirasMadridVigo He le\u00eddo y acepto la pol\u00edtica de privacidad &#916;document.getElementById( \"ak_js_3\" ).setAttribute( \"value\", ( new Date() ).getTime() ); BILBAO Iba\u00f1ez de Bilbao, 9, 48009 Bilbao, Vizcaya, Espa\u00f1a Tel.: +34 94 661 22 93 Email:\u00a0bilbao@asthoncargo.es BARCELONA Carrer de [...]","protected":false},"author":1,"featured_media":0,"parent":0,"menu_order":0,"comment_status":"closed","ping_status":"closed","template":"","meta":[],"_links":{"self":[{"href":"http:\/\/www.asthoncargo.es\/web\/wp-json\/wp\/v2\/pages\/1505"}],"collection":[{"href":"http:\/\/www.asthoncargo.es\/web\/wp-json\/wp\/v2\/pages"}],"about":[{"href":"http:\/\/www.asthoncargo.es\/web\/wp-json\/wp\/v2\/types\/page"}],"author":[{"embeddable":true,"href":"http:\/\/www.asthoncargo.es\/web\/wp-json\/wp\/v2\/users\/1"}],"replies":[{"embeddable":true,"href":"http:\/\/www.asthoncargo.es\/web\/wp-json\/wp\/v2\/comments?post=1505"}],"version-history":[{"count":4,"href":"http:\/\/www.asthoncargo.es\/web\/wp-json\/wp\/v2\/pages\/1505\/revisions"}],"predecessor-version":[{"id":3521,"href":"http:\/\/www.asthoncargo.es\/web\/wp-json\/wp\/v2\/pages\/1505\/revisions\/3521"}],"wp:attachment":[{"href":"http:\/\/www.asthoncargo.es\/web\/wp-json\/wp\/v2\/media?parent=1505"}],"curies":[{"name":"wp","href":"https:\/\/api.w.org\/{rel}","templated":true}]}}