{"id":152,"date":"2015-12-02T17:35:51","date_gmt":"2015-12-02T17:35:51","guid":{"rendered":"http:\/\/albertosoler.net\/asthoncargodev\/?page_id=152"},"modified":"2023-10-26T09:10:28","modified_gmt":"2023-10-26T09:10:28","slug":"donde-estamos","status":"publish","type":"page","link":"http:\/\/www.asthoncargo.es\/web\/donde-estamos\/","title":{"rendered":"D\u00f3nde estamos"},"content":{"rendered":"<div class=\"clearboth\"><\/div><\/div><\/div><\/div><div id=\"mk-page-section-69fc963ca1c43\" data-intro-effect=\"false\" class=\"full-width-69fc963ca1c43  mk-animate-element fade-in  full-height-false mk-page-section self-hosted mk-blur-parent mk-shortcode hidden-sm \" ><div class=\"mk-video-color-mask\"><\/div><div class=\"background-clipper\"><\/div><div class=\"mk-grid vc_row-fluid page-section-content\"><div class=\"mk-padding-wrapper\"><script type=\"text\/javascript\">function iwm_custom_action_4(value) {var divs=[\"bilbao\",\"barcelona\", \"valencia\", \"vigo\", \"algeciras\", \"madrid\"];\r\n\r\nfor (var i=0;i<divs.length;i++)\r\n{\r\ndocument.getElementById(divs[i]).style.display='none';\r\n}\r\ndocument.getElementById(value).style.display='table';}<\/script>\n\t<div style=\"\" class=\"vc_col-sm-12 wpb_column column_container \">\n\t\t\t<div class=\"vc_empty_space\"  style=\"height: 30px\" ><span\n\t\tclass=\"vc_empty_space_inner\"><\/span><\/div>\n\t<div style=\"text-align: left;\" class=\"mk-text-block  true\"><h1>D\u00d3NDE ESTAMOS<\/h1>\n<div class=\"clearboth\"><\/div><\/div> <div class=\"vc_empty_space\"  style=\"height: 20px\" ><span\n\t\tclass=\"vc_empty_space_inner\"><\/span><\/div>\n<!-- Map Generated CSS --> \n <style>\n.iwm_map_canvas { overflow:hidden; }\n#map_canvas_4 { margin-left: -55%; }\n#map_canvas_4 { margin-top: -1%; }\n#map_canvas_4 { width: 196%; height: 196%; }#iwm_4 .iwm_map_canvas:after { padding-top:31%; }#map_canvas_4 path:not([fill^=\"#f5f5f5\"]):hover { cursor:pointer; }#map_canvas_4 circle:hover { cursor:pointer; }#map_canvas_4 text:hover { cursor:pointer; }\n#map_canvas_4 .google-visualization-tooltip * { font-family:'Ubuntu' !important; }#map_canvas_4 .google-visualization-tooltip * { font-size:12px !important; }#map_canvas_4 .google-visualization-tooltip { width:180px; }<\/style><div id=\"iwm_4\"><div class='iwm_map_canvas'><div id='map_canvas_4' class='i_world_map ' class='iwm_map_canvas'><div class='iwm_placeholder'><img width='32px' src='http:\/\/www.asthoncargo.es\/web\/wp-content\/plugins\/interactive-world-maps\/imgs\/placeholder.png'><br>Mapa Asthon Cargo V3<\/div><\/div><\/div><\/div>\n\t<\/div><\/div><div class=\"clearboth\"><\/div><\/div><div class=\"clearboth\"><\/div><\/div><div class=\"mk-main-wrapper-holder\"><div class=\"theme-page-wrapper  -layout mk-grid vc_row-fluid row-fluid\"><div class=\"theme-content \"><div id=\"ajax-69fc963ca1c43\" class=\"mk-dynamic-styles\"><!--  .full-width-69fc963ca1c43 { min-height:100px; padding:10px 0 10px; margin-bottom:0px; } #background-layer--69fc963ca1c43 { background-position:left top; background-repeat:repeat; ; } --><\/div><div class=\"clearboth\"><\/div><\/div><\/div><\/div><div id=\"mk-page-section-69fc963ca2122\" data-intro-effect=\"false\" class=\"full-width-69fc963ca2122  mk-animate-element fade-in  full-height-false mk-page-section self-hosted mk-blur-parent mk-shortcode visible-sm \" ><div class=\"mk-video-color-mask\"><\/div><div class=\"background-clipper\"><\/div><div class=\"mk-grid vc_row-fluid page-section-content\"><div class=\"mk-padding-wrapper\"><script type=\"text\/javascript\">function iwm_custom_action_5(value) {var divs=[\"bilbao\",\"barcelona\", \"valencia\", \"vigo\", \"algeciras\", \"madrid\"];\r\n\r\nfor (var i=0;i<divs.length;i++)\r\n{\r\ndocument.getElementById(divs[i]).style.display='none';\r\n}\r\ndocument.getElementById(value).style.display='table';}<\/script>\n\t<div style=\"\" class=\"vc_col-sm-12 wpb_column column_container \">\n\t\t\t<div class=\"vc_empty_space\"  style=\"height: 30px\" ><span\n\t\tclass=\"vc_empty_space_inner\"><\/span><\/div>\n\t<div style=\"text-align: left;\" class=\"mk-text-block  true\"><h1>D\u00d3NDE ESTAMOS<\/h1>\n<div class=\"clearboth\"><\/div><\/div> <div class=\"vc_empty_space\"  style=\"height: 20px\" ><span\n\t\tclass=\"vc_empty_space_inner\"><\/span><\/div>\n<!-- Map Generated CSS --> \n <style>\n.iwm_map_canvas { overflow:hidden; }\n#map_canvas_5 { margin-left: -50%; }\n#map_canvas_5 { margin-top: 0%; }\n#map_canvas_5 { width: 185%; height: 185%; }#iwm_5 .iwm_map_canvas:after { padding-top:37%; }#map_canvas_5 path:not([fill^=\"#f5f5f5\"]):hover { cursor:pointer; }#map_canvas_5 circle:hover { cursor:pointer; }#map_canvas_5 text:hover { cursor:pointer; }\n#map_canvas_5 .google-visualization-tooltip * { font-family:'Ubuntu' !important; }#map_canvas_5 .google-visualization-tooltip * { font-size:12px !important; }<\/style><div id=\"iwm_5\"><div class='iwm_map_canvas'><div id='map_canvas_5' class='i_world_map ' class='iwm_map_canvas'><div class='iwm_placeholder'><img width='32px' src='http:\/\/www.asthoncargo.es\/web\/wp-content\/plugins\/interactive-world-maps\/imgs\/placeholder.png'><br>Mapa Asthon Cargo V3 MOVIL<\/div><\/div><\/div><\/div><div class=\"vc_empty_space\"  style=\"height: 20px\" ><span\n\t\tclass=\"vc_empty_space_inner\"><\/span><\/div>\n\t<div style=\"text-align: left;\" class=\"mk-text-block  true\"><p>Haz click en cada una de nuestras delegaciones para ampliar la informaci\u00f3n:<\/p>\n<p><strong><a href=\"http:\/\/www.asthoncargo.es\/web\/barcelona\/\">&#8211;\u00a0Asthon Cargo Barcelona<\/a><\/strong><br \/>\n<strong> <a href=\"http:\/\/www.asthoncargo.es\/web\/bilbao\/\">&#8211;\u00a0Asthon Cargo Bilbao<\/a><\/strong><br \/>\n<strong> <a href=\"http:\/\/www.asthoncargo.es\/web\/valencia\/\">&#8211; Asthon Cargo Valencia<\/a><\/strong><br \/>\n<strong> <a href=\"http:\/\/www.asthoncargo.es\/web\/algeciras\/\">&#8211; Asthon Cargo Algeciras<\/a><\/strong><br \/>\n<strong> &#8211;\u00a0<a href=\"http:\/\/www.asthoncargo.es\/web\/madrid\/\">Asthon Cargo Madrid<\/a><\/strong><br \/>\n<strong> <a href=\"http:\/\/www.asthoncargo.es\/web\/vigo\/\">&#8211; Asthon Cargo Vigo<\/a><\/strong><\/p>\n<div class=\"clearboth\"><\/div><\/div> \n\t<\/div><\/div><div class=\"clearboth\"><\/div><\/div><div class=\"clearboth\"><\/div><\/div><div class=\"mk-main-wrapper-holder\"><div class=\"theme-page-wrapper  -layout mk-grid vc_row-fluid row-fluid\"><div class=\"theme-content \"><div id=\"ajax-69fc963ca2122\" class=\"mk-dynamic-styles\"><!--  .full-width-69fc963ca2122 { min-height:100px; padding:10px 0 10px; margin-bottom:0px; } #background-layer--69fc963ca2122 { background-position:left top; background-repeat:repeat; ; } --><\/div><div id=\"bilbao\" class=\"wpb_row vc_row info-oficinas vc_row-fluid  mk-fullwidth-false  attched-false vc_row-fluid vc_custom_1452699295537\">\n\t<div style=\"\" class=\"vc_col-sm-12 wpb_column column_container \">\n\t\t\t<div class=\"wpb_row vc_inner vc_row  vc_row-fluid   attched-false vc_row-fluid\"><div class=\"wpb_column vc_column_container vc_col-sm-12\"><div class=\"wpb_wrapper\"><div class=\"vc_empty_space\"  style=\"height: 20px\" ><span\n\t\tclass=\"vc_empty_space_inner\"><\/span><\/div>\n\t<div style=\"text-align: left;\" class=\"mk-text-block  true\"><h1>BILBAO<\/h1>\n<div class=\"clearboth\"><\/div><\/div> <div class=\"vc_empty_space\"  style=\"height: 20px\" ><span\n\t\tclass=\"vc_empty_space_inner\"><\/span><\/div>\n<\/div><\/div><\/div><div class=\"wpb_row vc_inner vc_row  vc_row-fluid   attched-false vc_row-fluid\"><div class=\"wpb_column vc_column_container vc_col-sm-7\"><div class=\"wpb_wrapper\">\n\t<div class=\"wpb_single_image wpb_content_element vc_align_left\">\n\t\t<div class=\"wpb_wrapper\">\n\t\t\t\n\t\t\t<div class=\"vc_single_image-wrapper  \"><img width=\"613\" height=\"185\" src=\"http:\/\/www.asthoncargo.es\/web\/wp-content\/uploads\/2015\/12\/bilbao1.png\" class=\"vc_single_image-img attachment-full\" alt=\"\" loading=\"lazy\" srcset=\"http:\/\/www.asthoncargo.es\/web\/wp-content\/uploads\/2015\/12\/bilbao1.png 613w, http:\/\/www.asthoncargo.es\/web\/wp-content\/uploads\/2015\/12\/bilbao1-300x91.png 300w\" sizes=\"(max-width: 613px) 100vw, 613px\" \/><\/div>\n\t\t<\/div>\n\t<\/div>\n\t<div style=\"text-align: left;\" class=\"mk-text-block  true\"><p>El Puerto de Bilbao es uno de los puertos europeos incluidos en la Red Trans-Europea de Transportes y la principal infraestructura portuaria del Arco Atl\u00e1ntico desde Algeciras hasta Le Havre.<\/p>\n<p>Enlazado por autopista y ferrocarril con los principales centros de producci\u00f3n y consumo espa\u00f1oles y del sud-oeste franc\u00e9s, se integra en un entorno econ\u00f3mico fuertemente industrial, lo que hace confluir en sus instalaciones todo tipo de\u00a0 servicios portuarios y log\u00edsticos para todo tipo de mercanc\u00edas, tanto en tr\u00e1ficos intra-europeos como intercontinentales.<\/p>\n<p>En sus zonas de influencia m\u00e1s pr\u00f3ximas se sit\u00faan \u00e1reas de reconocido prestigio por la fabricaci\u00f3n de bienes de equipo (Pa\u00eds Vasco), producci\u00f3n de vinos (La Rioja, Navarra), cereales y otros productos agr\u00edcolas (Castilla \u2013 Le\u00f3n) e importantes zonas de producci\u00f3n y consumo, como Madrid.<\/p>\n<p>En suma, un conjunto de infraestructuras, servicios y profesionalidad que conforman un puerto: Bilbao.<\/p>\n<div class=\"clearboth\"><\/div><\/div> <\/div><\/div><div class=\"wpb_column vc_column_container vc_col-sm-5\"><div class=\"wpb_wrapper\"><div class=\"wpb_gmaps_widget wpb_content_element\">\n\t<div class=\"wpb_wrapper\">\n\t<div class=\"wpb_map_wraper\">\n\t\t<iframe src=\"https:\/\/www.google.com\/maps\/embed?pb=!1m14!1m8!1m3!1d5810.991007370642!2d-2.9331932629942736!3d43.26199404447617!3m2!1i1024!2i768!4f13.1!3m3!1m2!1s0x0%3A0x19bd3703f7f01bdb!2sAsthon+Cargo+Bilbao%2C+S.L.!5e0!3m2!1ses!2sus!4v1449161387873\" width=\"100%\" height=\"290\" frameborder=\"0\" style=\"border:0\" allowfullscreen><\/iframe>\t<\/div>\n\t<\/div>\n\t<\/div>\n<div class=\"vc_message_box vc_message_box-solid-icon vc_message_box-square vc_color-grey vc_custom_1449164220501\">\n\t<div class=\"vc_message_box-icon\"><i class=\"entypo-icon entypo-icon-info-circled\"><\/i>\n\t<\/div><p>Iba\u00f1ez de Bilbao, 9, 48009 Bilbao, Vizcaya, Espa\u00f1a<br \/>\n<strong>Tel.: +34 94 661 22 93<br \/>\nEmail:\u00a0<a href=\"mailto:bilbao@asthoncargo.es\" target=\"_blank\" rel=\"noopener noreferrer\">bilbao@asthoncargo.es<\/a><\/strong><\/p>\n<\/div><div class=\"mk-image-shortcode mk-shortcode   align-center simple-frame outside-image \" style=\"max-width: 150px; margin-bottom:10px\"><div class=\"mk-image-inner\"><img class=\"lightbox-false\" alt=\"\" title=\"\" src=\"http:\/\/www.asthoncargo.es\/web\/wp-content\/uploads\/2015\/12\/aeo1.png\" \/><\/div><div class=\"mk-image-caption\"><span class=\"mk-caption-desc\">ES AEOF 14000049AE<\/span><\/div><div class=\"clearboth\"><\/div><\/div><\/div><\/div><\/div>\n\t<\/div><\/div><div id=\"barcelona\" class=\"wpb_row vc_row info-oficinas vc_row-fluid  mk-fullwidth-false  attched-false vc_row-fluid vc_custom_1452699346558\">\n\t<div style=\"\" class=\"vc_col-sm-12 wpb_column column_container \">\n\t\t\t<div class=\"vc_empty_space\"  style=\"height: 20px\" ><span\n\t\tclass=\"vc_empty_space_inner\"><\/span><\/div>\n\t<div style=\"text-align: left;\" class=\"mk-text-block  true\"><h1>BARCELONA<\/h1>\n<div class=\"clearboth\"><\/div><\/div> <div class=\"vc_empty_space\"  style=\"height: 20px\" ><span\n\t\tclass=\"vc_empty_space_inner\"><\/span><\/div>\n<div class=\"wpb_row vc_inner vc_row  vc_row-fluid   attched-false vc_row-fluid\"><div class=\"wpb_column vc_column_container vc_col-sm-7\"><div class=\"wpb_wrapper\">\n\t<div class=\"wpb_single_image wpb_content_element vc_align_left\">\n\t\t<div class=\"wpb_wrapper\">\n\t\t\t\n\t\t\t<div class=\"vc_single_image-wrapper  \"><img width=\"613\" height=\"185\" src=\"http:\/\/www.asthoncargo.es\/web\/wp-content\/uploads\/2015\/12\/barcelona1.png\" class=\"vc_single_image-img attachment-full\" alt=\"\" loading=\"lazy\" srcset=\"http:\/\/www.asthoncargo.es\/web\/wp-content\/uploads\/2015\/12\/barcelona1.png 613w, http:\/\/www.asthoncargo.es\/web\/wp-content\/uploads\/2015\/12\/barcelona1-300x91.png 300w\" sizes=\"(max-width: 613px) 100vw, 613px\" \/><\/div>\n\t\t<\/div>\n\t<\/div>\n\t<div style=\"text-align: left;\" class=\"mk-text-block  true\"><p>Las \u00faltimas tendencias en log\u00edstica internacional, conectividad portuaria y directivas medioambientales de la UE, sit\u00faan al puerto de Barcelona como\u00a0<strong>uno de los m\u00e1s estrat\u00e9gicos de Europa<\/strong>, que favorecido por las infraestructuras aeroportuarias, consolidan el enclave catal\u00e1n como l\u00edder en la oferta de log\u00edstica terrestre, mar\u00edtima y a\u00e9rea.<\/p>\n<div class=\"clearboth\"><\/div><\/div> <\/div><\/div><div class=\"wpb_column vc_column_container vc_col-sm-5\"><div class=\"wpb_wrapper\"><div class=\"wpb_gmaps_widget wpb_content_element\">\n\t<div class=\"wpb_wrapper\">\n\t<div class=\"wpb_map_wraper\">\n\t\t<iframe src=\"https:\/\/www.google.com\/maps\/embed?pb=!1m18!1m12!1m3!1d2992.9783847770072!2d2.185295515302524!3d41.39627577926337!2m3!1f0!2f0!3f0!3m2!1i1024!2i768!4f13.1!3m3!1m2!1s0x12a4a31e9035409f%3A0xfc58efaa0b4f4fb8!2sCarrer+de+Joan+d&#39;%C3%80ustria%2C+126%2C+08018+Barcelona!5e0!3m2!1ses!2ses!4v1483357164289\" width=\"100%\" height=\"290\" frameborder=\"0\" style=\"border:0\" allowfullscreen><\/iframe>\t<\/div>\n\t<\/div>\n\t<\/div>\n<div class=\"vc_message_box vc_message_box-solid-icon vc_message_box-square vc_color-grey vc_custom_1528111913204\">\n\t<div class=\"vc_message_box-icon\"><i class=\"entypo-icon entypo-icon-info-circled\"><\/i>\n\t<\/div><p>Carrer de Joan d\u2019\u00c0ustria, 126, 4\/1<br \/>\n08018-Barcelona<br \/>\n<strong>Tel.: +34 933 297 397<\/strong><br \/>\n<strong>Mov.: +34 687 839 053<\/strong><br \/>\n<strong>Email:\u00a0<a href=\"mailto:asthonbcn@asthoncargo.cat\" target=\"_blank\" rel=\"noopener noreferrer\">asthonbcn@asthoncargo.cat<\/a><\/strong><\/p>\n<\/div><\/div><\/div><\/div>\n\t<\/div><\/div><div id=\"valencia\" class=\"wpb_row vc_row info-oficinas vc_row-fluid  mk-fullwidth-false  attched-false vc_row-fluid vc_custom_1452699357803\">\n\t<div style=\"\" class=\"vc_col-sm-12 wpb_column column_container \">\n\t\t\t<div class=\"vc_empty_space\"  style=\"height: 20px\" ><span\n\t\tclass=\"vc_empty_space_inner\"><\/span><\/div>\n\t<div style=\"text-align: left;\" class=\"mk-text-block  true\"><h1>VALENCIA<\/h1>\n<div class=\"clearboth\"><\/div><\/div> <div class=\"vc_empty_space\"  style=\"height: 20px\" ><span\n\t\tclass=\"vc_empty_space_inner\"><\/span><\/div>\n<div class=\"wpb_row vc_inner vc_row  vc_row-fluid   attched-false vc_row-fluid\"><div class=\"wpb_column vc_column_container vc_col-sm-7\"><div class=\"wpb_wrapper\">\n\t<div class=\"wpb_single_image wpb_content_element vc_align_left\">\n\t\t<div class=\"wpb_wrapper\">\n\t\t\t\n\t\t\t<div class=\"vc_single_image-wrapper  \"><img width=\"613\" height=\"185\" src=\"http:\/\/www.asthoncargo.es\/web\/wp-content\/uploads\/2015\/12\/valencia1.jpg\" class=\"vc_single_image-img attachment-full\" alt=\"\" loading=\"lazy\" srcset=\"http:\/\/www.asthoncargo.es\/web\/wp-content\/uploads\/2015\/12\/valencia1.jpg 613w, http:\/\/www.asthoncargo.es\/web\/wp-content\/uploads\/2015\/12\/valencia1-300x91.jpg 300w\" sizes=\"(max-width: 613px) 100vw, 613px\" \/><\/div>\n\t\t<\/div>\n\t<\/div>\n\t<div style=\"text-align: left;\" class=\"mk-text-block  true\"><p>Puerto l\u00edder en el Mediterr\u00e1neo, lo coloca <strong>primero en el ranking de movimiento de contenedores en el Mar Mediterr\u00e1neo<\/strong> y\u00a0cuarto entre los puertos europeos, especialmente situado geogr\u00e1ficamente, lo convierte en el primer puerto comercial de Espa\u00f1a, tras el puerto natural de Madrid, con una influencia del 55% del PIB espa\u00f1ol. Canalizando el 38% de todo el tr\u00e1fico de export\/import de Espa\u00f1a y el 32% del total de contenedores del sistema portuario espa\u00f1ol.<\/p>\n<div class=\"clearboth\"><\/div><\/div> <div class=\"mk-image-shortcode mk-shortcode   align-center simple-frame outside-image \" style=\"max-width: 150px; margin-bottom:10px\"><div class=\"mk-image-inner\"><img class=\"lightbox-false\" alt=\"\" title=\"\" src=\"http:\/\/www.asthoncargo.es\/web\/wp-content\/uploads\/2015\/12\/aeo1.png\" \/><\/div><div class=\"mk-image-caption\"><span class=\"mk-caption-desc\">ES AEOF 14000049AE<\/span><\/div><div class=\"clearboth\"><\/div><\/div><\/div><\/div><div class=\"wpb_column vc_column_container vc_col-sm-5\"><div class=\"wpb_wrapper\"><div class=\"wpb_gmaps_widget wpb_content_element\">\n\t<div class=\"wpb_wrapper\">\n\t<div class=\"wpb_map_wraper\">\n\t\t<iframe src=\"https:\/\/www.google.com\/maps\/embed?pb=!1m18!1m12!1m3!1d2756.4340702155364!2d-0.33487230073733437!3d39.45919938845575!2m3!1f0!2f0!3f0!3m2!1i1024!2i768!4f13.1!3m3!1m2!1s0x0%3A0x612118eb9d4ea830!2zMznCsDI3JzMwLjMiTiAwwrAyMCcwMS43Ilc!5e0!3m2!1ses!2ses!4v1675243157144!5m2!1ses!2ses\" width=\"600\" height=\"290\" style=\"border:0;\" allowfullscreen=\"\" loading=\"lazy\" referrerpolicy=\"no-referrer-when-downgrade\"><\/iframe>\t<\/div>\n\t<\/div>\n\t<\/div>\n<div class=\"vc_message_box vc_message_box-solid-icon vc_message_box-square vc_color-grey vc_custom_1449164365750\">\n\t<div class=\"vc_message_box-icon\"><i class=\"entypo-icon entypo-icon-info-circled\"><\/i>\n\t<\/div><p>Av. de Francia, 161 \u2013 Bajo, 46024 Valencia, Espa\u00f1a<br \/>\n<strong>Tel.: +34 963 24 56 65<\/strong><br \/>\n<strong>Email:\u00a0<a href=\"mailto:valencia@asthoncargo.net\">valencia@asthoncargo.net<\/a><\/strong><\/p>\n<\/div>\n<div class=\"vc_message_box vc_message_box-solid-icon vc_message_box-square vc_color-grey vc_custom_1449164365750\">\n\t<div class=\"vc_message_box-icon\"><i class=\"entypo-icon entypo-icon-check\"><\/i>\n\t<\/div><p><strong><a title=\"\" href=\"http:\/\/www.asthoncargo.es\/web\/Politica_Calidad_ACV.pdf\" target=\"_blank\" rel=\"noopener noreferrer\">Pol\u00edtica de Calidad Asthon Cargo Valencia S.L.<\/a><\/strong><\/p>\n<\/div>\n<\/div><\/div><\/div>\n\t<\/div><\/div>\n<div id=\"madrid\" class=\"wpb_row vc_row info-oficinas vc_row-fluid  mk-fullwidth-false  attched-false vc_row-fluid vc_custom_1452699346558\">\n\t<div style=\"\" class=\"vc_col-sm-12 wpb_column column_container \">\n\t\t\t<div class=\"vc_empty_space\"  style=\"height: 20px\" ><span\n\t\tclass=\"vc_empty_space_inner\"><\/span><\/div>\n\t<div style=\"text-align: left;\" class=\"mk-text-block  true\"><h1>MADRID<\/h1>\n<div class=\"clearboth\"><\/div><\/div> <div class=\"vc_empty_space\"  style=\"height: 20px\" ><span\n\t\tclass=\"vc_empty_space_inner\"><\/span><\/div>\n<div class=\"wpb_row vc_inner vc_row  vc_row-fluid   attched-false vc_row-fluid\"><div class=\"wpb_column vc_column_container vc_col-sm-7\"><div class=\"wpb_wrapper\">\n\t<div class=\"wpb_single_image wpb_content_element vc_align_left\">\n\t\t<div class=\"wpb_wrapper\">\n\t\t\t\n\t\t\t<div class=\"vc_single_image-wrapper  \"><img width=\"613\" height=\"185\" src=\"http:\/\/www.asthoncargo.es\/web\/wp-content\/uploads\/2023\/10\/madrid-asthon.jpg\" class=\"vc_single_image-img attachment-full\" alt=\"\" loading=\"lazy\" srcset=\"http:\/\/www.asthoncargo.es\/web\/wp-content\/uploads\/2023\/10\/madrid-asthon.jpg 613w, http:\/\/www.asthoncargo.es\/web\/wp-content\/uploads\/2023\/10\/madrid-asthon-300x91.jpg 300w\" sizes=\"(max-width: 613px) 100vw, 613px\" \/><\/div>\n\t\t<\/div>\n\t<\/div>\n\t<div style=\"text-align: left;\" class=\"mk-text-block  true\"><p>Nuestra <b>privilegiada ubicaci\u00f3n en la capital de Espa\u00f1a<\/b>, centro neur\u00e1lgico y uno de los puntos m\u00e1s estrat\u00e9gicos en el sector del transporte a nivel europeo, nos permite ofrecer un servicio completo y capaz de llegar a todos nuestros clientes, tanto en territorio nacional como internacional, y a trav\u00e9s de modernas tecnolog\u00edas y un equipo de profesionales altamente cualificado.<\/p>\n<div class=\"clearboth\"><\/div><\/div> <\/div><\/div><div class=\"wpb_column vc_column_container vc_col-sm-5\"><div class=\"wpb_wrapper\"><div class=\"wpb_gmaps_widget wpb_content_element\">\n\t<div class=\"wpb_wrapper\">\n\t<div class=\"wpb_map_wraper\">\n\t\t<iframe src=\"https:\/\/www.google.com\/maps\/embed?pb=!1m18!1m12!1m3!1d3036.1174894879186!2d-3.5769515000000003!3d40.4505365!2m3!1f0!2f0!3f0!3m2!1i1024!2i768!4f13.1!3m3!1m2!1s0xd42302930a8eff5%3A0x63770f67a7900230!2sAv.%20Sur%20del%20Aeropuerto%20de%20Barajas%2C%2038%2C%20Oficina%20B1%2C%2028042%20Madrid!5e0!3m2!1ses!2ses!4v1698310098538!5m2!1ses!2ses\" width=\"100%\" height=\"290\" style=\"border:0;\" allowfullscreen=\"\" loading=\"lazy\" referrerpolicy=\"no-referrer-when-downgrade\"><\/iframe>\t<\/div>\n\t<\/div>\n\t<\/div>\n<div class=\"vc_message_box vc_message_box-solid-icon vc_message_box-square vc_color-grey vc_custom_1528111913204\">\n\t<div class=\"vc_message_box-icon\"><i class=\"entypo-icon entypo-icon-info-circled\"><\/i>\n\t<\/div><p><span lang=\"PT\">Avda.\u00a0<\/span>Sur del Aeropuerto de Barajas<span lang=\"PT\">, 38 \u2013 Oficina B1 <\/span><span lang=\"PT\">28042 &#8211; Madrid, Spain<br \/>\n<\/span><span lang=\"IT\"><strong>Tel.: +34 91 000 11 73<\/strong><br \/>\n<\/span><strong><span lang=\"IT\">E-mail: <a href=\"mailto:madrid@asthoncargo.es\" rel=\"noreferrer\">madrid@asthoncargo.es<\/a><\/span><\/strong><\/p>\n<\/div><\/div><\/div><\/div>\n\t<\/div><\/div>\n<div id=\"vigo\" class=\"wpb_row vc_row info-oficinas vc_row-fluid  mk-fullwidth-false  attched-false vc_row-fluid vc_custom_1452699391880\">\n\t<div style=\"\" class=\"vc_col-sm-12 wpb_column column_container \">\n\t\t\t<div class=\"vc_empty_space\"  style=\"height: 20px\" ><span\n\t\tclass=\"vc_empty_space_inner\"><\/span><\/div>\n\t<div style=\"text-align: left;\" class=\"mk-text-block  true\"><h1>VIGO<\/h1>\n<div class=\"clearboth\"><\/div><\/div> <div class=\"vc_empty_space\"  style=\"height: 20px\" ><span\n\t\tclass=\"vc_empty_space_inner\"><\/span><\/div>\n\n\t<div class=\"wpb_single_image wpb_content_element vc_align_left\">\n\t\t<div class=\"wpb_wrapper\">\n\t\t\t\n\t\t\t<div class=\"vc_single_image-wrapper  \"><img width=\"938\" height=\"185\" src=\"http:\/\/www.asthoncargo.es\/web\/wp-content\/uploads\/2015\/12\/vigo11.jpg\" class=\"vc_single_image-img attachment-full\" alt=\"\" loading=\"lazy\" srcset=\"http:\/\/www.asthoncargo.es\/web\/wp-content\/uploads\/2015\/12\/vigo11.jpg 938w, http:\/\/www.asthoncargo.es\/web\/wp-content\/uploads\/2015\/12\/vigo11-300x59.jpg 300w\" sizes=\"(max-width: 938px) 100vw, 938px\" \/><\/div>\n\t\t<\/div>\n\t<\/div>\n\t<div style=\"text-align: left;\" class=\"mk-text-block  true\"><p>El alto valor a\u00f1adido que durante los \u00faltimos a\u00f1os ha adquirido el transporte de <b>mercanc\u00edas vinculadas al sector de la pesca<\/b>, sit\u00faan al puerto de Vigo como uno de los m\u00e1s importantes a nivel econ\u00f3mico. Nuestros profesionales especializados en el sector trabajan para dar valor a esta ventaja competitiva y ofrecer los mejores servicios a nuestros clientes.<\/p>\n<div class=\"clearboth\"><\/div><\/div> \n\t<\/div><\/div><div id=\"algeciras\" class=\"wpb_row vc_row info-oficinas vc_row-fluid  mk-fullwidth-false  attched-false vc_row-fluid vc_custom_1452699404683\">\n\t<div style=\"\" class=\"vc_col-sm-12 wpb_column column_container \">\n\t\t\t<div class=\"vc_empty_space\"  style=\"height: 20px\" ><span\n\t\tclass=\"vc_empty_space_inner\"><\/span><\/div>\n\t<div style=\"text-align: left;\" class=\"mk-text-block  true\"><h1>ALGECIRAS<\/h1>\n<div class=\"clearboth\"><\/div><\/div> <div class=\"vc_empty_space\"  style=\"height: 20px\" ><span\n\t\tclass=\"vc_empty_space_inner\"><\/span><\/div>\n<div class=\"wpb_row vc_inner vc_row  vc_row-fluid   attched-false vc_row-fluid\"><div class=\"wpb_column vc_column_container vc_col-sm-7\"><div class=\"wpb_wrapper\">\n\t<div class=\"wpb_single_image wpb_content_element vc_align_left\">\n\t\t<div class=\"wpb_wrapper\">\n\t\t\t\n\t\t\t<div class=\"vc_single_image-wrapper  \"><img width=\"815\" height=\"185\" src=\"http:\/\/www.asthoncargo.es\/web\/wp-content\/uploads\/2015\/12\/algeciras1-b.jpg\" class=\"vc_single_image-img attachment-full\" alt=\"\" loading=\"lazy\" srcset=\"http:\/\/www.asthoncargo.es\/web\/wp-content\/uploads\/2015\/12\/algeciras1-b.jpg 815w, http:\/\/www.asthoncargo.es\/web\/wp-content\/uploads\/2015\/12\/algeciras1-b-300x68.jpg 300w\" sizes=\"(max-width: 815px) 100vw, 815px\" \/><\/div>\n\t\t<\/div>\n\t<\/div>\n\t<div style=\"text-align: left;\" class=\"mk-text-block  true\"><p>Con uno de los puertos m\u00e1s importantes de Espa\u00f1a, la ciudad de Algeciras destaca por un alto crecimiento y una gran capacidad de movimiento de mercanc\u00edas que la sit\u00faan como <strong>uno de los puntos clave para el transporte mar\u00edtimo y almacenaje<\/strong>; Ventaja de la que ha sabido aprovecharse nuestro equipo de profesionales, ofreciendo servicios completos y adaptados a las necesidades de cada cliente.<\/p>\n<div class=\"clearboth\"><\/div><\/div> <\/div><\/div><div class=\"wpb_column vc_column_container vc_col-sm-5\"><div class=\"wpb_wrapper\"><div class=\"wpb_gmaps_widget wpb_content_element\">\n\t<div class=\"wpb_wrapper\">\n\t<div class=\"wpb_map_wraper\">\n\t\t<iframe src=\"https:\/\/www.google.com\/maps\/embed?pb=!1m18!1m12!1m3!1d3220.891706647515!2d-5.459950584727748!3d36.16918978008327!2m3!1f0!2f0!3f0!3m2!1i1024!2i768!4f13.1!3m3!1m2!1s0xd0ceb727681d9d7%3A0xd318d057ebaf1ddc!2sArea+de+el+Fresno%2C+11379+Los+Barrios%2C+C%C3%A1diz%2C+Espa%C3%B1a!5e0!3m2!1ses!2ses!4v1455184363796\" width=\"100%\" height=\"290\" frameborder=\"0\" style=\"border:0\" allowfullscreen><\/iframe>\t<\/div>\n\t<\/div>\n\t<\/div>\n<div class=\"vc_message_box vc_message_box-solid-icon vc_message_box-square vc_color-grey vc_custom_1455275805748\">\n\t<div class=\"vc_message_box-icon\"><i class=\"entypo-icon entypo-icon-info-circled\"><\/i>\n\t<\/div><p>\u00c1rea Bah\u00eda de Algeciras<br \/>\nEl Fresno, Oficina A609 11379 Los Barrios, C\u00e1diz<br \/>\n<strong>Tel\u00e9fono : +34 956 688 307 &#8211; ext: 5055<\/strong><br \/>\n<strong>Email: <a href=\"mailto:algeciras@asthoncargo.es\">algeciras@asthoncargo.es<\/a><\/strong><\/p>\n<\/div><\/div><\/div><\/div>\n\t<\/div><\/div><div class=\"wpb_row vc_row  vc_row-fluid hidden-sm mk-fullwidth-false  attched-false vc_row-fluid vc_custom_1453220397851\">\n\t<div style=\"\" class=\"vc_col-sm-12 wpb_column column_container \">\n\t\t\t<div class=\"vc_empty_space\"  style=\"height: 60px\" ><span\n\t\tclass=\"vc_empty_space_inner\"><\/span><\/div>\n\n\t<\/div><\/div>","protected":false},"excerpt":{"rendered":"function iwm_custom_action_4(value) {var divs=[\"bilbao\",\"barcelona\", \"valencia\", \"vigo\", \"algeciras\", \"madrid\"]; for (var i=0;i","protected":false},"author":1,"featured_media":0,"parent":0,"menu_order":0,"comment_status":"closed","ping_status":"closed","template":"","meta":[],"_links":{"self":[{"href":"http:\/\/www.asthoncargo.es\/web\/wp-json\/wp\/v2\/pages\/152"}],"collection":[{"href":"http:\/\/www.asthoncargo.es\/web\/wp-json\/wp\/v2\/pages"}],"about":[{"href":"http:\/\/www.asthoncargo.es\/web\/wp-json\/wp\/v2\/types\/page"}],"author":[{"embeddable":true,"href":"http:\/\/www.asthoncargo.es\/web\/wp-json\/wp\/v2\/users\/1"}],"replies":[{"embeddable":true,"href":"http:\/\/www.asthoncargo.es\/web\/wp-json\/wp\/v2\/comments?post=152"}],"version-history":[{"count":61,"href":"http:\/\/www.asthoncargo.es\/web\/wp-json\/wp\/v2\/pages\/152\/revisions"}],"predecessor-version":[{"id":3712,"href":"http:\/\/www.asthoncargo.es\/web\/wp-json\/wp\/v2\/pages\/152\/revisions\/3712"}],"wp:attachment":[{"href":"http:\/\/www.asthoncargo.es\/web\/wp-json\/wp\/v2\/media?parent=152"}],"curies":[{"name":"wp","href":"https:\/\/api.w.org\/{rel}","templated":true}]}}