{"id":1595,"date":"2015-12-15T11:18:32","date_gmt":"2015-12-15T11:18:32","guid":{"rendered":"http:\/\/albertosoler.net\/asthoncargodev\/?page_id=1595"},"modified":"2018-06-04T11:33:08","modified_gmt":"2018-06-04T11:33:08","slug":"barcelona","status":"publish","type":"page","link":"http:\/\/www.asthoncargo.es\/web\/barcelona\/","title":{"rendered":"Barcelona"},"content":{"rendered":"<div class=\"clearboth\"><\/div><\/div><\/div><\/div><div id=\"mk-page-section-69f6164a40eee\" data-intro-effect=\"false\" class=\"full-width-69f6164a40eee  full-height-false mk-page-section self-hosted mk-blur-parent mk-shortcode  \" ><div class=\"mk-video-color-mask\"><\/div><div class=\"background-clipper\"><\/div><div class=\"mk-grid vc_row-fluid page-section-content\"><div class=\"mk-padding-wrapper\">\n\t<div style=\"\" class=\"vc_col-sm-12 wpb_column column_container \">\n\t\t\t<div class=\"vc_empty_space\"  style=\"height: 30px\" ><span\n\t\tclass=\"vc_empty_space_inner\"><\/span><\/div>\n<div class=\"wpb_row vc_inner vc_row  vc_row-fluid   attched-false vc_row-fluid\"><div class=\"wpb_column vc_column_container vc_col-sm-12\"><div class=\"wpb_wrapper\">\t<div style=\"text-align: left;\" class=\"mk-text-block  true\"><h1>BARCELONA<\/h1>\n<div class=\"clearboth\"><\/div><\/div> <div class=\"vc_empty_space\"  style=\"height: 20px\" ><span\n\t\tclass=\"vc_empty_space_inner\"><\/span><\/div>\n<\/div><\/div><\/div><div class=\"wpb_row vc_inner vc_row  vc_row-fluid   attched-false vc_row-fluid\"><div class=\"wpb_column vc_column_container vc_col-sm-7\"><div class=\"wpb_wrapper\">\n\t<div class=\"wpb_single_image wpb_content_element vc_align_left\">\n\t\t<div class=\"wpb_wrapper\">\n\t\t\t\n\t\t\t<div class=\"vc_single_image-wrapper  \"><img width=\"613\" height=\"185\" src=\"http:\/\/www.asthoncargo.es\/web\/wp-content\/uploads\/2015\/12\/barcelona1.png\" class=\"vc_single_image-img attachment-full\" alt=\"\" loading=\"lazy\" srcset=\"http:\/\/www.asthoncargo.es\/web\/wp-content\/uploads\/2015\/12\/barcelona1.png 613w, http:\/\/www.asthoncargo.es\/web\/wp-content\/uploads\/2015\/12\/barcelona1-300x91.png 300w\" sizes=\"(max-width: 613px) 100vw, 613px\" \/><\/div>\n\t\t<\/div>\n\t<\/div>\n\t<div style=\"text-align: left;\" class=\"mk-text-block  true\"><p>Las \u00faltimas tendencias en log\u00edstica internacional, conectividad portuaria y directivas medioambientales de la UE, sit\u00faan al puerto de Barcelona como\u00a0<strong>uno de los m\u00e1s estrat\u00e9gicos de Europa<\/strong>, que favorecido por las infraestructuras aeroportuarias, consolidan el enclave catal\u00e1n como l\u00edder en la oferta de log\u00edstica terrestre, mar\u00edtima y a\u00e9rea.<\/p>\n<div class=\"clearboth\"><\/div><\/div> <\/div><\/div><div class=\"wpb_column vc_column_container vc_col-sm-5\"><div class=\"wpb_wrapper\"><div class=\"wpb_gmaps_widget wpb_content_element\">\n\t<div class=\"wpb_wrapper\">\n\t<div class=\"wpb_map_wraper\">\n\t\t<iframe src=\"https:\/\/www.google.com\/maps\/embed?pb=!1m18!1m12!1m3!1d2992.9783847770072!2d2.185295515302524!3d41.39627577926337!2m3!1f0!2f0!3f0!3m2!1i1024!2i768!4f13.1!3m3!1m2!1s0x12a4a31e9035409f%3A0xfc58efaa0b4f4fb8!2sCarrer+de+Joan+d&#39;%C3%80ustria%2C+126%2C+08018+Barcelona!5e0!3m2!1ses!2ses!4v1483357164289\" width=\"100%\" height=\"290\" frameborder=\"0\" style=\"border:0\" allowfullscreen><\/iframe>\t<\/div>\n\t<\/div>\n\t<\/div>\n<div class=\"vc_message_box vc_message_box-solid-icon vc_message_box-square vc_color-grey vc_custom_1528111985575\">\n\t<div class=\"vc_message_box-icon\"><i class=\"entypo-icon entypo-icon-info-circled\"><\/i>\n\t<\/div><p>Carrer de Joan d\u2019\u00c0ustria, 126, 4\/1<br \/>\n08018-Barcelona<br \/>\n<strong>Tel.: +34 933 297 397<\/strong><br \/>\n<strong>Mov.: +34 687 839 053<\/strong><br \/>\n<strong>Email:\u00a0<a href=\"mailto:asthonbcn@asthoncargo.cat\" target=\"_blank\">asthonbcn@asthoncargo.cat<\/a><\/strong><\/p>\n<\/div><\/div><\/div><\/div>\n\t<\/div><\/div><div class=\"clearboth\"><\/div><\/div><div class=\"clearboth\"><\/div><\/div><div class=\"mk-main-wrapper-holder\"><div class=\"theme-page-wrapper  -layout mk-grid vc_row-fluid row-fluid\"><div class=\"theme-content \"><div id=\"ajax-69f6164a40eee\" class=\"mk-dynamic-styles\"><!--  .full-width-69f6164a40eee { min-height:100px; padding:10px 0 10px; margin-bottom:0px; } #background-layer--69f6164a40eee { background-position:left top; background-repeat:repeat; ; } --><\/div>","protected":false},"excerpt":{"rendered":"BARCELONA Las \u00faltimas tendencias en log\u00edstica internacional, conectividad portuaria y directivas medioambientales de la UE, sit\u00faan al puerto de Barcelona como\u00a0uno de los m\u00e1s estrat\u00e9gicos de Europa, que favorecido por las infraestructuras aeroportuarias, consolidan el enclave catal\u00e1n como l\u00edder en la oferta de log\u00edstica terrestre, mar\u00edtima y a\u00e9rea. Carrer de Joan d\u2019\u00c0ustria, 126, 4\/1 08018-Barcelona [...]","protected":false},"author":1,"featured_media":0,"parent":0,"menu_order":0,"comment_status":"closed","ping_status":"closed","template":"","meta":[],"_links":{"self":[{"href":"http:\/\/www.asthoncargo.es\/web\/wp-json\/wp\/v2\/pages\/1595"}],"collection":[{"href":"http:\/\/www.asthoncargo.es\/web\/wp-json\/wp\/v2\/pages"}],"about":[{"href":"http:\/\/www.asthoncargo.es\/web\/wp-json\/wp\/v2\/types\/page"}],"author":[{"embeddable":true,"href":"http:\/\/www.asthoncargo.es\/web\/wp-json\/wp\/v2\/users\/1"}],"replies":[{"embeddable":true,"href":"http:\/\/www.asthoncargo.es\/web\/wp-json\/wp\/v2\/comments?post=1595"}],"version-history":[{"count":11,"href":"http:\/\/www.asthoncargo.es\/web\/wp-json\/wp\/v2\/pages\/1595\/revisions"}],"predecessor-version":[{"id":2390,"href":"http:\/\/www.asthoncargo.es\/web\/wp-json\/wp\/v2\/pages\/1595\/revisions\/2390"}],"wp:attachment":[{"href":"http:\/\/www.asthoncargo.es\/web\/wp-json\/wp\/v2\/media?parent=1595"}],"curies":[{"name":"wp","href":"https:\/\/api.w.org\/{rel}","templated":true}]}}