{"id":1606,"date":"2015-12-15T11:26:41","date_gmt":"2015-12-15T11:26:41","guid":{"rendered":"http:\/\/albertosoler.net\/asthoncargodev\/?page_id=1606"},"modified":"2016-01-19T15:25:07","modified_gmt":"2016-01-19T15:25:07","slug":"vigo","status":"publish","type":"page","link":"http:\/\/www.asthoncargo.es\/web\/vigo\/","title":{"rendered":"VIGO"},"content":{"rendered":"<div class=\"clearboth\"><\/div><\/div><\/div><\/div><div id=\"mk-page-section-69fca55cad4fd\" data-intro-effect=\"false\" class=\"full-width-69fca55cad4fd  full-height-false mk-page-section self-hosted mk-blur-parent mk-shortcode  \" ><div class=\"mk-video-color-mask\"><\/div><div class=\"background-clipper\"><\/div><div class=\"mk-grid vc_row-fluid page-section-content\"><div class=\"mk-padding-wrapper\">\n\t<div style=\"\" class=\"vc_col-sm-12 wpb_column column_container \">\n\t\t\t<div class=\"vc_empty_space\"  style=\"height: 30px\" ><span\n\t\tclass=\"vc_empty_space_inner\"><\/span><\/div>\n<div class=\"wpb_row vc_inner vc_row  vc_row-fluid   attched-false vc_row-fluid\"><div class=\"wpb_column vc_column_container vc_col-sm-12\"><div class=\"wpb_wrapper\">\t<div style=\"text-align: left;\" class=\"mk-text-block  true\"><h1>VIGO<\/h1>\n<div class=\"clearboth\"><\/div><\/div> <div class=\"vc_empty_space\"  style=\"height: 20px\" ><span\n\t\tclass=\"vc_empty_space_inner\"><\/span><\/div>\n<\/div><\/div><\/div><div class=\"wpb_row vc_inner vc_row  vc_row-fluid   attched-false vc_row-fluid\"><div class=\"wpb_column vc_column_container vc_col-sm-12\"><div class=\"wpb_wrapper\">\n\t<div class=\"wpb_single_image wpb_content_element vc_align_left\">\n\t\t<div class=\"wpb_wrapper\">\n\t\t\t\n\t\t\t<div class=\"vc_single_image-wrapper  \"><img width=\"938\" height=\"185\" src=\"http:\/\/www.asthoncargo.es\/web\/wp-content\/uploads\/2015\/12\/vigo11.jpg\" class=\"vc_single_image-img attachment-full\" alt=\"\" loading=\"lazy\" srcset=\"http:\/\/www.asthoncargo.es\/web\/wp-content\/uploads\/2015\/12\/vigo11.jpg 938w, http:\/\/www.asthoncargo.es\/web\/wp-content\/uploads\/2015\/12\/vigo11-300x59.jpg 300w\" sizes=\"(max-width: 938px) 100vw, 938px\" \/><\/div>\n\t\t<\/div>\n\t<\/div>\n\t<div style=\"text-align: left;\" class=\"mk-text-block  true\"><p>El alto valor a\u00f1adido que durante los \u00faltimos a\u00f1os ha adquirido el transporte de <b>mercanc\u00edas vinculadas al sector de la pesca<\/b>, sit\u00faan al puerto de Vigo como uno de los m\u00e1s importantes a nivel econ\u00f3mico. Nuestros profesionales especializados en el sector trabajan para dar valor a esta ventaja competitiva y ofrecer los mejores servicios a nuestros clientes.<\/p>\n<div class=\"clearboth\"><\/div><\/div> <\/div><\/div><\/div>\n\t<\/div><\/div><div class=\"clearboth\"><\/div><\/div><div class=\"clearboth\"><\/div><\/div><div class=\"mk-main-wrapper-holder\"><div class=\"theme-page-wrapper  -layout mk-grid vc_row-fluid row-fluid\"><div class=\"theme-content \"><div id=\"ajax-69fca55cad4fd\" class=\"mk-dynamic-styles\"><!--  .full-width-69fca55cad4fd { min-height:100px; padding:10px 0 10px; margin-bottom:0px; } #background-layer--69fca55cad4fd { background-position:left top; background-repeat:repeat; ; } --><\/div>","protected":false},"excerpt":{"rendered":"VIGO El alto valor a\u00f1adido que durante los \u00faltimos a\u00f1os ha adquirido el transporte de mercanc\u00edas vinculadas al sector de la pesca, sit\u00faan al puerto de Vigo como uno de los m\u00e1s importantes a nivel econ\u00f3mico. Nuestros profesionales especializados en el sector trabajan para dar valor a esta ventaja competitiva y ofrecer los mejores servicios [...]","protected":false},"author":1,"featured_media":0,"parent":0,"menu_order":0,"comment_status":"closed","ping_status":"closed","template":"","meta":[],"_links":{"self":[{"href":"http:\/\/www.asthoncargo.es\/web\/wp-json\/wp\/v2\/pages\/1606"}],"collection":[{"href":"http:\/\/www.asthoncargo.es\/web\/wp-json\/wp\/v2\/pages"}],"about":[{"href":"http:\/\/www.asthoncargo.es\/web\/wp-json\/wp\/v2\/types\/page"}],"author":[{"embeddable":true,"href":"http:\/\/www.asthoncargo.es\/web\/wp-json\/wp\/v2\/users\/1"}],"replies":[{"embeddable":true,"href":"http:\/\/www.asthoncargo.es\/web\/wp-json\/wp\/v2\/comments?post=1606"}],"version-history":[{"count":1,"href":"http:\/\/www.asthoncargo.es\/web\/wp-json\/wp\/v2\/pages\/1606\/revisions"}],"predecessor-version":[{"id":1750,"href":"http:\/\/www.asthoncargo.es\/web\/wp-json\/wp\/v2\/pages\/1606\/revisions\/1750"}],"wp:attachment":[{"href":"http:\/\/www.asthoncargo.es\/web\/wp-json\/wp\/v2\/media?parent=1606"}],"curies":[{"name":"wp","href":"https:\/\/api.w.org\/{rel}","templated":true}]}}