{"id":2338,"date":"2018-04-13T06:36:02","date_gmt":"2018-04-13T06:36:02","guid":{"rendered":"http:\/\/www.asthoncargo.es\/web\/?page_id=2338"},"modified":"2019-09-11T15:47:11","modified_gmt":"2019-09-11T15:47:11","slug":"condiciones-generales","status":"publish","type":"page","link":"http:\/\/www.asthoncargo.es\/web\/condiciones-generales\/","title":{"rendered":"Condiciones generales de contrataci\u00f3n"},"content":{"rendered":"<div class=\"clearboth\"><\/div><\/div><\/div><\/div><div id=\"mk-page-section-69df369605d85\" data-intro-effect=\"false\" class=\"full-width-69df369605d85  mk-animate-element fade-in  full-height-false mk-page-section self-hosted mk-blur-parent mk-shortcode  \" ><div class=\"mk-video-color-mask\"><\/div><div class=\"background-clipper\"><\/div><div class=\"mk-grid vc_row-fluid page-section-content\"><div class=\"mk-padding-wrapper\">\n\t<div style=\"\" class=\"vc_col-sm-12 wpb_column column_container \">\n\t\t\t<div class=\"vc_empty_space\"  style=\"height: 30px\" ><span\n\t\tclass=\"vc_empty_space_inner\"><\/span><\/div>\n\t<div style=\"text-align: left;\" class=\"mk-text-block  true\"><h1>CONDICIONES GENERALES DE CONTRATACI\u00d3N<\/h1>\n<div class=\"clearboth\"><\/div><\/div> \t<div style=\"text-align: left;\" class=\"mk-text-block  true\"><p class=\"p1\"><b><\/b><span class=\"s1\">Estas Condiciones Generales de Contrataci\u00f3n son las propias de todas las empresas que operan bajo la marca Asthon Cargo (en adelante, \u201cAsthon Cargo\u201d), al cual pertenecen las siguientes entidades: Asthon Cargo Barcelona, S.L, Asthon Cargo Bilbao, S.L., y Asthon Cargo Valencia, S.L. <\/span><\/p>\n<p class=\"p3\"><span class=\"s1\">Estas Condiciones Generales de Contrataci\u00f3n se encuentran a disposici\u00f3n de todos nuestros clientes (entidades que contratan con nosotros), tanto en nuestras oficinas, como en nuestra p\u00e1gina web <a href=\"http:\/\/www.asthoncargo.es\"><span class=\"s2\">www.asthoncargo.es<\/span><\/a> <\/span><\/p>\n<p class=\"p3\"><span class=\"s1\"><b>1.- CONSENTIMIENTO Y ACEPTACI\u00d3N.<\/b><\/span><\/p>\n<p class=\"p3\"><span class=\"s1\">Cualquier entidad que contrate con Asthon Cargo consiente y acepta expresamente que todo servicio contratado se encuentre sometido a las presentes Condiciones Generales.<\/span><\/p>\n<p class=\"p3\"><span class=\"s1\"><b>2.- \u00c1MBITO DE APLICACI\u00d3N.<\/b><\/span><\/p>\n<p class=\"p3\"><span class=\"s1\">Estas Condiciones Generales ser\u00e1n de aplicaci\u00f3n a todos los servicios contratados con Asthon Cargo. Cualquier reclamaci\u00f3n que pueda surgir en relaci\u00f3n con un servicio prestado por Asthon Cargo se regir\u00e1 por las presentes Condiciones Generales. <\/span><\/p>\n<p class=\"p3\"><span class=\"s1\"><b>3.- OBLIGACIONES DEL CLIENTE.<\/b><\/span><\/p>\n<p class=\"p3\"><span class=\"s1\">El cliente, directamente o a trav\u00e9s de sus agentes y\/o de entidades subcontratadas, garantizan a Asthon Cargo la exactitud de la informaci\u00f3n sobre las mercanc\u00edas relativas a sus caracter\u00edsticas, descripci\u00f3n, marcas, n\u00famero, cantidad, peso y volumen. Por ello el cliente indemnizar\u00e1 a Asthon Cargo cualesquiera da\u00f1os y\/o perjuicios que se puedan derivar de las inexactitudes que sobre dichos extremos se hubiesen declarado. <\/span><\/p>\n<p class=\"p3\"><span class=\"s1\">Asimismo, el cliente ser\u00e1 responsable del embalaje y acondicionamiento de la mercanc\u00eda para su transporte, asumiendo cualesquiera consecuencias que pudieran derivarse de un incumplimiento de tal obligaci\u00f3n. <\/span><\/p>\n<p class=\"p3\"><span class=\"s1\">El pago de las facturas por parte del cliente no estar\u00e1 condicionado y\/o limitado a\/por ninguna circunstancia. En ning\u00fan caso podr\u00e1 retenerse el pago de las facturas debidas a Asthon Cargo, incluyendo costos y gastos, como consecuencia de demandas o reclamaciones derivadas de reservas realizadas por el cliente por presuntas perdidas o da\u00f1os en las mercanc\u00edas.<\/span><\/p>\n<p class=\"p3\"><span class=\"s1\"><b>4.- OBLIGACIONES DE ASTHON CARGO.<\/b><\/span><\/p>\n<p class=\"p3\"><span class=\"s1\">Asthon Cargo se obliga a organizar el transporte y manipulaci\u00f3n de las mercanc\u00edas del cliente, as\u00ed como cualquier otro servicio para el que se le contrate, empleando la debida diligencia. Para ello, y salvo instrucciones en contrario del cliente, Asthon Cargo podr\u00e1 contratar a terceros que ejecuten todas o algunos de los servicios contratados por el cliente. Las mercanc\u00edas estar\u00e1n, por tanto, sujetas a los t\u00e9rminos y condiciones que establezcan en los documentos que amparen cada uno de los transportes contratados (B\/L, CMR, AWB, etc.). <\/span><\/p>\n<p class=\"p3\"><span class=\"s1\">Asthon Cargo no asegurar\u00e1 las p\u00e9rdidas o da\u00f1os que puedan ocasionarse en las mercanc\u00edas durante su manipulaci\u00f3n, almacenaje o transporte salvo que el cliente le instruya espec\u00edficamente por escrito. En este caso, Asthon Cargo proceder\u00e1 a contratar los oportunos seguros en nombre y por cuenta del cliente.<\/span><\/p>\n<p class=\"p3\"><span class=\"s1\"><b>5.- LIMITACI\u00d3N DE RESPONSABILIDAD.<\/b><\/span><\/p>\n<p class=\"p3\"><span class=\"s1\">Asthon Cargo responder\u00e1 \u00fanicamente, frente al cliente o frente a un tercero, por p\u00e9rdidas y\/o da\u00f1os de las mercanc\u00edas que provengan de un incumplimiento de sus obligaciones contractuales. En todo caso, dicha responsabilidad quedar\u00e1 limitada a las cuant\u00edas que resulten de aplicar a cada caso concreto los l\u00edmites de responsabilidad propios de cada normativa que resulte de aplicaci\u00f3n a cada modo de transporte, y cuya suma nunca podr\u00e1 superar el valor total de las mercanc\u00edas. <\/span><\/p>\n<p class=\"p3\"><span class=\"s1\"><b>6.- EXONERACI\u00d3N DE RESPONSABILIDAD.<\/b><\/span><\/p>\n<p class=\"p3\"><span class=\"s1\"><b>6.1.-<\/b> Asthon Cargo quedar\u00e1 exonerado de cualquier responsabilidad si el da\u00f1o y\/o perjuicio que le es reclamado tiene su origen en informaci\u00f3n facilitada por el cliente, en instrucciones dadas por este \u00faltimo o en operaciones realizadas por \u00e9l mismo o por sus subcontratados. Asimismo, Asthon Cargo quedar\u00e1 exonerado de cualquier da\u00f1o y\/o perjuicio que tenga lugar fuera del periodo de custodia que hubiera asumido o cuando se produzca en el \u00e1mbito de operaciones que no hubiera realizado. De igual manera, Asthon Cargo quedar\u00e1 exonerado su responsabilidad en los supuestos de fuerza mayor y en cualesquiera otros que vengan regulados as\u00ed por la normativa vigente de aplicaci\u00f3n en cada caso concreto. <\/span><\/p>\n<p class=\"p3\"><span class=\"s1\"><b>6.2.- <\/b>En ning\u00fan caso, y bajo ninguna circunstancia, Asthon Cargo ser\u00e1 responsable de cualquier da\u00f1o y\/o perjuicio relacionado con p\u00e9rdidas de beneficios y\/o de clientes, sanciones, impuestos, tasas, multas, cl\u00e1usulas de penalizaci\u00f3n y\/o vinculadas a contratos del cliente con terceros, depreciaci\u00f3n de las mercanc\u00edas y\/o fluctuaciones en el cambio de divisas.<\/span><\/p>\n<p class=\"p3\"><span class=\"s1\"><b>7.- PRECIO.<\/b><\/span><\/p>\n<p class=\"p3\"><span class=\"s1\"><b>7.1.-<\/b> El precio correspondiente a los servicios contratados con Asthon Cargo se fijar\u00e1 con arreglo a las cotizaciones vigentes en el momento de la contrataci\u00f3n y dentro de los l\u00edmites en ellas previstos. Los gastos adicionales que se produzcan al margen de la contrataci\u00f3n inicial ser\u00e1n asumidos por el cliente, previa justificaci\u00f3n de los mismos por parte de Asthon Cargo. <\/span><\/p>\n<p class=\"p3\"><span class=\"s1\"><b>7.2.-<\/b> El pago del precio y dem\u00e1s conceptos que se devenguen ser\u00e1 abonados por el cliente al contado, salvo que se pactara expresamente un plazo para ello. <\/span><\/p>\n<p class=\"p3\"><span class=\"s1\"><b>8.- RECLAMACIONES Y RESERVAS.<\/b><\/span><\/p>\n<p class=\"p3\"><span class=\"s1\">Las reservas y reclamaciones ser\u00e1n efectuadas por el cliente dentro de los plazos establecidos por la normativa vigente que resulte, en cada caso, de aplicaci\u00f3n. Fuera de esos plazos, el derecho del cliente a reclamar quedar\u00e1 extinguido. <\/span><\/p>\n<p class=\"p3\"><span class=\"s1\"><b>9.- DERECHO DE RETENCION.<\/b><\/span><\/p>\n<p class=\"p3\"><span class=\"s1\">Asthon Cargo tendr\u00e1 un derecho de retenci\u00f3n sobre las mercanc\u00eda transportadas en aquellos supuestos en los que el cliente, o quien corresponda, no le haya abonado los importes debidos en virtud de los servicios contratados; todo ello de conformidad con la normativa que resulte, en cada caso, de aplicaci\u00f3n.\u00a0<\/span><\/p>\n<p class=\"p3\"><span class=\"s1\"><b>10.- LEY Y JURISDICCI\u00d3N.<\/b><\/span><\/p>\n<p class=\"p3\"><span class=\"s1\">Los servicios prestados por Asthon Cargo se regir\u00e1n e interpretar\u00e1n de conformidad con la normativa vigente y de aplicaci\u00f3n en territorio espa\u00f1ol, siendo competentes los Juzgados y Tribunales de la oficina donde se contraten los servicios para resolver cualquier controversia derivada o en relaci\u00f3n con los servicios contratados con Asthon Cargo. <\/span><\/p>\n<div class=\"clearboth\"><\/div><\/div> \n\t<\/div><\/div><div class=\"clearboth\"><\/div><\/div><div class=\"clearboth\"><\/div><\/div><div class=\"mk-main-wrapper-holder\"><div class=\"theme-page-wrapper  -layout mk-grid vc_row-fluid row-fluid\"><div class=\"theme-content \"><div id=\"ajax-69df369605d85\" class=\"mk-dynamic-styles\"><!--  .full-width-69df369605d85 { min-height:0px; padding:10px 0 0px; margin-bottom:0px; } #background-layer--69df369605d85 { background-position:left top; background-repeat:repeat; ; } --><\/div><div class=\"wpb_row vc_row  vc_row-fluid  mk-fullwidth-false  attched-false vc_row-fluid\">\n\t<div style=\"\" class=\"vc_col-sm-12 wpb_column column_container \">\n\t\t\t<div class=\"vc_empty_space\"  style=\"height: 100px\" ><span\n\t\tclass=\"vc_empty_space_inner\"><\/span><\/div>\n\n\t<\/div><\/div>","protected":false},"excerpt":{"rendered":"CONDICIONES GENERALES DE CONTRATACI\u00d3N Estas Condiciones Generales de Contrataci\u00f3n son las propias de todas las empresas que operan bajo la marca Asthon Cargo (en adelante, \u201cAsthon Cargo\u201d), al cual pertenecen las siguientes entidades: Asthon Cargo Barcelona, S.L, Asthon Cargo Bilbao, S.L., y Asthon Cargo Valencia, S.L. Estas Condiciones Generales de Contrataci\u00f3n se encuentran a disposici\u00f3n [...]","protected":false},"author":1,"featured_media":0,"parent":0,"menu_order":0,"comment_status":"closed","ping_status":"closed","template":"","meta":[],"_links":{"self":[{"href":"http:\/\/www.asthoncargo.es\/web\/wp-json\/wp\/v2\/pages\/2338"}],"collection":[{"href":"http:\/\/www.asthoncargo.es\/web\/wp-json\/wp\/v2\/pages"}],"about":[{"href":"http:\/\/www.asthoncargo.es\/web\/wp-json\/wp\/v2\/types\/page"}],"author":[{"embeddable":true,"href":"http:\/\/www.asthoncargo.es\/web\/wp-json\/wp\/v2\/users\/1"}],"replies":[{"embeddable":true,"href":"http:\/\/www.asthoncargo.es\/web\/wp-json\/wp\/v2\/comments?post=2338"}],"version-history":[{"count":11,"href":"http:\/\/www.asthoncargo.es\/web\/wp-json\/wp\/v2\/pages\/2338\/revisions"}],"predecessor-version":[{"id":2707,"href":"http:\/\/www.asthoncargo.es\/web\/wp-json\/wp\/v2\/pages\/2338\/revisions\/2707"}],"wp:attachment":[{"href":"http:\/\/www.asthoncargo.es\/web\/wp-json\/wp\/v2\/media?parent=2338"}],"curies":[{"name":"wp","href":"https:\/\/api.w.org\/{rel}","templated":true}]}}