{"id":297,"date":"2015-12-04T16:53:59","date_gmt":"2015-12-04T16:53:59","guid":{"rendered":"http:\/\/albertosoler.net\/asthoncargodev\/?page_id=297"},"modified":"2016-03-14T18:23:51","modified_gmt":"2016-03-14T18:23:51","slug":"inicio","status":"publish","type":"page","link":"http:\/\/www.asthoncargo.es\/web\/","title":{"rendered":"Home"},"content":{"rendered":"<div class=\"clearboth\"><\/div><\/div><\/div><\/div><div id=\"mk-page-section-69f30eb0e3c81\" data-intro-effect=\"false\" class=\"full-width-69f30eb0e3c81  mk-animate-element fade-in  full-height-false mk-page-section self-hosted mk-blur-parent mk-shortcode  \" ><div class=\"mk-video-color-mask\"><\/div><div class=\"background-clipper\"><\/div><div class=\"mk-grid vc_row-fluid page-section-content\"><div class=\"mk-padding-wrapper\">\n\t<div style=\"\" class=\"vc_col-sm-12 wpb_column column_container \">\n\t\t\t<div class=\"vc_empty_space\"  style=\"height: 30px\" ><span\n\t\tclass=\"vc_empty_space_inner\"><\/span><\/div>\n<div class=\"wpb_revslider_element wpb_content_element\">\n\t\t\t<!-- START Inicio Asthon 02 REVOLUTION SLIDER 6.5.17 --><p class=\"rs-p-wp-fix\"><\/p>\n\t\t\t<rs-module-wrap id=\"rev_slider_3_1_wrapper\" data-source=\"gallery\" style=\"visibility:hidden;background:transparent;padding:0;margin:0px auto;margin-top:0;margin-bottom:0;\">\n\t\t\t\t<rs-module id=\"rev_slider_3_1\" style=\"\" data-version=\"6.5.17\">\n\t\t\t\t\t<rs-slides>\n\t\t\t\t\t\t<rs-slide style=\"position: absolute;\" data-key=\"rs-14\" data-title=\"Slide\" data-thumb=\"\/\/www.asthoncargo.es\/web\/wp-content\/uploads\/2015\/12\/2_barco1-100x50.jpg\" data-link=\"\/\/www.asthoncargo.es\/web\/red-internacional-de-agentes\/\" data-tag=\"l\" data-target=\"_self\" data-seoz=\"front\" data-in=\"o:0;\" data-out=\"a:false;\">\n\t\t\t\t\t\t\t<img src=\"\/\/www.asthoncargo.es\/web\/wp-content\/plugins\/revslider\/public\/assets\/assets\/dummy.png\" alt=\"\" title=\"Home\" class=\"rev-slidebg tp-rs-img rs-lazyload\" data-lazyload=\"\/\/www.asthoncargo.es\/web\/wp-content\/uploads\/2015\/12\/2_barco1.jpg\" data-bg=\"f:contain;\" data-parallax=\"off\" data-no-retina>\n<!--\n\t\t\t\t\t\t\t--><rs-layer\n\t\t\t\t\t\t\t\tid=\"slider-3-slide-14-layer-1\" \n\t\t\t\t\t\t\t\tclass=\"very_big_blackvery_big_black\"\n\t\t\t\t\t\t\t\tdata-type=\"text\"\n\t\t\t\t\t\t\t\tdata-color=\"rgba(10,0,0,1)\"\n\t\t\t\t\t\t\t\tdata-rsp_ch=\"on\"\n\t\t\t\t\t\t\t\tdata-xy=\"x:c;xo:-213px;y:m;yo:43px;\"\n\t\t\t\t\t\t\t\tdata-text=\"w:normal;s:27;l:37;fw:700;a:right;\"\n\t\t\t\t\t\t\t\tdata-dim=\"w:547px;\"\n\t\t\t\t\t\t\t\tdata-vbility=\"t,t,t,f\"\n\t\t\t\t\t\t\t\tdata-padding=\"r:16;\"\n\t\t\t\t\t\t\t\tdata-frame_0=\"y:top;o:1;tp:600;\"\n\t\t\t\t\t\t\t\tdata-frame_1=\"tp:600;e:power2.inOut;st:550;sp:550;\"\n\t\t\t\t\t\t\t\tdata-frame_999=\"x:-50px;o:0;tp:600;e:nothing;st:w;sp:500;\"\n\t\t\t\t\t\t\t\tstyle=\"z-index:5;background-color:rgba(255,255,255,0.75);font-family:'Ubuntu';text-align:right;letter-spacing:-1px;\"\n\t\t\t\t\t\t\t>Asthon Cargo, servicios \n\t\t\t\t\t\t\t<\/rs-layer><!--\n\n\t\t\t\t\t\t\t--><rs-layer\n\t\t\t\t\t\t\t\tid=\"slider-3-slide-14-layer-3\" \n\t\t\t\t\t\t\t\tclass=\"very_big_black\"\n\t\t\t\t\t\t\t\tdata-type=\"text\"\n\t\t\t\t\t\t\t\tdata-color=\"rgba(216,12,32,1)\"\n\t\t\t\t\t\t\t\tdata-rsp_ch=\"on\"\n\t\t\t\t\t\t\t\tdata-xy=\"x:c;xo:-223px;y:m;yo:81px;\"\n\t\t\t\t\t\t\t\tdata-text=\"w:normal;s:32;l:39;fw:700;a:right;\"\n\t\t\t\t\t\t\t\tdata-dim=\"w:568px;\"\n\t\t\t\t\t\t\t\tdata-vbility=\"t,t,t,f\"\n\t\t\t\t\t\t\t\tdata-padding=\"r:16;l:16;\"\n\t\t\t\t\t\t\t\tdata-frame_0=\"y:bottom;o:1;tp:600;\"\n\t\t\t\t\t\t\t\tdata-frame_1=\"tp:600;e:power2.inOut;st:1120;sp:450;\"\n\t\t\t\t\t\t\t\tdata-frame_999=\"x:50px;o:0;tp:600;e:nothing;st:w;sp:500;\"\n\t\t\t\t\t\t\t\tstyle=\"z-index:6;background-color:rgba(255,255,255,0.75);font-family:'Ubuntu';position:absolute;text-shadow:none;margin:0px;white-space:nowrap;padding-top:1px;letter-spacing:-1px;\"\n\t\t\t\t\t\t\t>mar\u00edtimos, a\u00e9reos y terrestres \n\t\t\t\t\t\t\t<\/rs-layer><!--\n-->\t\t\t\t\t\t<\/rs-slide>\n\t\t\t\t\t\t<rs-slide style=\"position: absolute;\" data-key=\"rs-13\" data-title=\"Slide\" data-thumb=\"\/\/www.asthoncargo.es\/web\/wp-content\/uploads\/2015\/12\/1_avion1-100x50.jpg\" data-link=\"\/\/www.asthoncargo.es\/web\/transporte-logistico\/\" data-tag=\"l\" data-target=\"_self\" data-seoz=\"front\" data-in=\"o:0;\" data-out=\"a:false;\">\n\t\t\t\t\t\t\t<img src=\"\/\/www.asthoncargo.es\/web\/wp-content\/plugins\/revslider\/public\/assets\/assets\/dummy.png\" alt=\"\" title=\"Home\" class=\"rev-slidebg tp-rs-img rs-lazyload\" data-lazyload=\"\/\/www.asthoncargo.es\/web\/wp-content\/uploads\/2015\/12\/1_avion1.jpg\" data-bg=\"f:contain;\" data-parallax=\"off\" data-no-retina>\n<!--\n\t\t\t\t\t\t\t--><rs-layer\n\t\t\t\t\t\t\t\tid=\"slider-3-slide-13-layer-1\" \n\t\t\t\t\t\t\t\tclass=\"very_big_blackvery_big_black\"\n\t\t\t\t\t\t\t\tdata-type=\"text\"\n\t\t\t\t\t\t\t\tdata-color=\"rgba(216,12,32,1)\"\n\t\t\t\t\t\t\t\tdata-rsp_ch=\"on\"\n\t\t\t\t\t\t\t\tdata-xy=\"x:c;xo:-336px;y:m;yo:43px;\"\n\t\t\t\t\t\t\t\tdata-text=\"w:normal;s:36;l:42;fw:700;a:right;\"\n\t\t\t\t\t\t\t\tdata-dim=\"w:286px;\"\n\t\t\t\t\t\t\t\tdata-vbility=\"t,t,t,f\"\n\t\t\t\t\t\t\t\tdata-padding=\"r:16;\"\n\t\t\t\t\t\t\t\tdata-frame_0=\"x:left;o:1;tp:600;\"\n\t\t\t\t\t\t\t\tdata-frame_1=\"tp:600;e:power2.inOut;st:470;sp:550;\"\n\t\t\t\t\t\t\t\tdata-frame_999=\"x:-50px;o:0;tp:600;e:nothing;st:w;sp:670;\"\n\t\t\t\t\t\t\t\tstyle=\"z-index:5;background-color:rgba(255,255,255,0.75);font-family:'Ubuntu';text-align:right;letter-spacing:-1px;\"\n\t\t\t\t\t\t\t>  Soluciones \n\t\t\t\t\t\t\t<\/rs-layer><!--\n\n\t\t\t\t\t\t\t--><rs-layer\n\t\t\t\t\t\t\t\tid=\"slider-3-slide-13-layer-3\" \n\t\t\t\t\t\t\t\tclass=\"very_big_black\"\n\t\t\t\t\t\t\t\tdata-type=\"text\"\n\t\t\t\t\t\t\t\tdata-color=\"rgba(10,0,0,1)\"\n\t\t\t\t\t\t\t\tdata-rsp_ch=\"on\"\n\t\t\t\t\t\t\t\tdata-xy=\"x:c;xo:40px;y:m;yo:85px;\"\n\t\t\t\t\t\t\t\tdata-text=\"w:normal;s:36;l:42;fw:700;\"\n\t\t\t\t\t\t\t\tdata-dim=\"w:872px;\"\n\t\t\t\t\t\t\t\tdata-vbility=\"t,t,t,f\"\n\t\t\t\t\t\t\t\tdata-padding=\"r:16;l:16;\"\n\t\t\t\t\t\t\t\tdata-frame_0=\"x:right;o:1;tp:600;\"\n\t\t\t\t\t\t\t\tdata-frame_1=\"tp:600;e:power2.inOut;st:1220;sp:550;\"\n\t\t\t\t\t\t\t\tdata-frame_999=\"x:50px;o:0;tp:600;e:nothing;st:w;sp:510;\"\n\t\t\t\t\t\t\t\tstyle=\"z-index:6;background-color:rgba(255,255,255,0.75);font-family:'Ubuntu';position:absolute;text-shadow:none;margin:0px;white-space:nowrap;padding-top:1px;letter-spacing:-1px;\"\n\t\t\t\t\t\t\t>       en movimiento \n\t\t\t\t\t\t\t<\/rs-layer><!--\n-->\t\t\t\t\t\t<\/rs-slide>\n\t\t\t\t\t\t<rs-slide style=\"position: absolute;\" data-key=\"rs-15\" data-title=\"Slide\" data-thumb=\"\/\/www.asthoncargo.es\/web\/wp-content\/uploads\/2015\/12\/3_camion1-100x50.jpg\" data-in=\"o:0;\" data-out=\"a:false;\">\n\t\t\t\t\t\t\t<img src=\"\/\/www.asthoncargo.es\/web\/wp-content\/plugins\/revslider\/public\/assets\/assets\/dummy.png\" alt=\"\" title=\"Home\" class=\"rev-slidebg tp-rs-img rs-lazyload\" data-lazyload=\"\/\/www.asthoncargo.es\/web\/wp-content\/uploads\/2015\/12\/3_camion1.jpg\" data-bg=\"f:contain;\" data-parallax=\"off\" data-no-retina>\n<!--\n\t\t\t\t\t\t\t--><rs-layer\n\t\t\t\t\t\t\t\tid=\"slider-3-slide-15-layer-3\" \n\t\t\t\t\t\t\t\tclass=\"very_big_black\"\n\t\t\t\t\t\t\t\tdata-type=\"text\"\n\t\t\t\t\t\t\t\tdata-color=\"rgba(10,0,0,1)\"\n\t\t\t\t\t\t\t\tdata-rsp_ch=\"on\"\n\t\t\t\t\t\t\t\tdata-xy=\"x:c;xo:261px;y:m;yo:67px;\"\n\t\t\t\t\t\t\t\tdata-text=\"w:normal;s:38;l:46;fw:700;\"\n\t\t\t\t\t\t\t\tdata-dim=\"w:550px;\"\n\t\t\t\t\t\t\t\tdata-vbility=\"t,t,t,f\"\n\t\t\t\t\t\t\t\tdata-padding=\"r:16;l:16;\"\n\t\t\t\t\t\t\t\tdata-frame_0=\"x:right;o:1;tp:600;\"\n\t\t\t\t\t\t\t\tdata-frame_1=\"tp:600;e:power2.inOut;st:950;sp:580;\"\n\t\t\t\t\t\t\t\tdata-frame_999=\"x:50px;o:0;tp:600;e:nothing;st:w;sp:500;\"\n\t\t\t\t\t\t\t\tstyle=\"z-index:5;background-color:rgba(255,255,255,0.75);font-family:'Ubuntu';position:absolute;text-shadow:none;margin:0px;white-space:nowrap;padding-top:1px;letter-spacing:-1px;\"\n\t\t\t\t\t\t\t>para SU NEGOCIO? \n\t\t\t\t\t\t\t<\/rs-layer><!--\n\n\t\t\t\t\t\t\t--><rs-layer\n\t\t\t\t\t\t\t\tid=\"slider-3-slide-15-layer-4\" \n\t\t\t\t\t\t\t\tclass=\"very_big_blackvery_big_black\"\n\t\t\t\t\t\t\t\tdata-type=\"text\"\n\t\t\t\t\t\t\t\tdata-color=\"rgba(10,0,0,1)\"\n\t\t\t\t\t\t\t\tdata-rsp_ch=\"on\"\n\t\t\t\t\t\t\t\tdata-xy=\"xo:195px;yo:181px;\"\n\t\t\t\t\t\t\t\tdata-text=\"w:normal;s:27;l:37;fw:700;a:center;\"\n\t\t\t\t\t\t\t\tdata-dim=\"w:531px;\"\n\t\t\t\t\t\t\t\tdata-vbility=\"t,t,t,f\"\n\t\t\t\t\t\t\t\tdata-padding=\"r:16;\"\n\t\t\t\t\t\t\t\tdata-frame_0=\"tp:600;\"\n\t\t\t\t\t\t\t\tdata-frame_1=\"tp:600;e:power2.inOut;st:1020;sp:570;\"\n\t\t\t\t\t\t\t\tdata-frame_999=\"o:0;tp:600;e:nothing;st:w;\"\n\t\t\t\t\t\t\t\tstyle=\"z-index:6;background-color:rgba(255,255,255,0.75);font-family:'Ubuntu';text-align:right;letter-spacing:-1px;\"\n\t\t\t\t\t\t\t>\u00bfBusca respuestas <span style=\"color:#d80c20;\">r\u00e1pidas y efectivas<\/span> \n\t\t\t\t\t\t\t<\/rs-layer><!--\n-->\t\t\t\t\t\t<\/rs-slide>\n\t\t\t\t\t\t<rs-slide style=\"position: absolute;\" data-key=\"rs-16\" data-title=\"Slide\" data-thumb=\"\/\/www.asthoncargo.es\/web\/wp-content\/uploads\/2015\/12\/4_contenedores1-100x50.jpg\" data-in=\"o:0;\" data-out=\"a:false;\">\n\t\t\t\t\t\t\t<img src=\"\/\/www.asthoncargo.es\/web\/wp-content\/plugins\/revslider\/public\/assets\/assets\/dummy.png\" alt=\"\" title=\"Home\" class=\"rev-slidebg tp-rs-img rs-lazyload\" data-lazyload=\"\/\/www.asthoncargo.es\/web\/wp-content\/uploads\/2015\/12\/4_contenedores1.jpg\" data-bg=\"f:contain;\" data-parallax=\"off\" data-no-retina>\n<!--\n\t\t\t\t\t\t\t--><rs-layer\n\t\t\t\t\t\t\t\tid=\"slider-3-slide-16-layer-1\" \n\t\t\t\t\t\t\t\tclass=\"very_big_blackvery_big_black\"\n\t\t\t\t\t\t\t\tdata-type=\"text\"\n\t\t\t\t\t\t\t\tdata-color=\"rgba(216,12,32,1)\"\n\t\t\t\t\t\t\t\tdata-rsp_ch=\"on\"\n\t\t\t\t\t\t\t\tdata-xy=\"x:c;xo:-250px;y:m;yo:-116px;\"\n\t\t\t\t\t\t\t\tdata-text=\"w:normal;s:25;l:34;fw:700;a:right;\"\n\t\t\t\t\t\t\t\tdata-dim=\"w:444px;\"\n\t\t\t\t\t\t\t\tdata-vbility=\"t,t,t,f\"\n\t\t\t\t\t\t\t\tdata-padding=\"r:16;\"\n\t\t\t\t\t\t\t\tdata-frame_0=\"x:left;o:1;tp:600;\"\n\t\t\t\t\t\t\t\tdata-frame_1=\"tp:600;e:power2.inOut;st:320;sp:550;\"\n\t\t\t\t\t\t\t\tdata-frame_999=\"x:-50px;o:0;tp:600;e:nothing;st:w;sp:500;\"\n\t\t\t\t\t\t\t\tstyle=\"z-index:5;background-color:rgba(255,255,255,0.75);font-family:'Ubuntu';text-align:right;letter-spacing:-1px;\"\n\t\t\t\t\t\t\t>Adaptamos nuestros servicios \n\t\t\t\t\t\t\t<\/rs-layer><!--\n\n\t\t\t\t\t\t\t--><rs-layer\n\t\t\t\t\t\t\t\tid=\"slider-3-slide-16-layer-3\" \n\t\t\t\t\t\t\t\tclass=\"very_big_black\"\n\t\t\t\t\t\t\t\tdata-type=\"text\"\n\t\t\t\t\t\t\t\tdata-color=\"rgba(10,0,0,1)\"\n\t\t\t\t\t\t\t\tdata-rsp_ch=\"on\"\n\t\t\t\t\t\t\t\tdata-xy=\"x:c;xo:118px;y:m;yo:-77px;\"\n\t\t\t\t\t\t\t\tdata-text=\"w:normal;s:40;l:45;fw:700;\"\n\t\t\t\t\t\t\t\tdata-dim=\"w:823px;\"\n\t\t\t\t\t\t\t\tdata-vbility=\"t,t,t,f\"\n\t\t\t\t\t\t\t\tdata-padding=\"r:16;l:16;\"\n\t\t\t\t\t\t\t\tdata-frame_0=\"x:right;o:1;tp:600;\"\n\t\t\t\t\t\t\t\tdata-frame_1=\"tp:600;e:power2.inOut;st:950;sp:580;\"\n\t\t\t\t\t\t\t\tdata-frame_999=\"x:50px;o:0;tp:600;e:nothing;st:w;sp:500;\"\n\t\t\t\t\t\t\t\tstyle=\"z-index:6;background-color:rgba(255,255,255,0.75);font-family:'Ubuntu';position:absolute;text-shadow:none;margin:0px;white-space:nowrap;padding-top:1px;letter-spacing:-1px;\"\n\t\t\t\t\t\t\t>a sus necesidades \n\t\t\t\t\t\t\t<\/rs-layer><!--\n-->\t\t\t\t\t\t<\/rs-slide>\n\t\t\t\t\t\t<rs-slide style=\"position: absolute;\" data-key=\"rs-17\" data-title=\"Slide\" data-thumb=\"\/\/www.asthoncargo.es\/web\/wp-content\/uploads\/2015\/12\/5_tecnologias1-100x50.jpg\" data-in=\"o:0;\" data-out=\"a:false;\">\n\t\t\t\t\t\t\t<img src=\"\/\/www.asthoncargo.es\/web\/wp-content\/plugins\/revslider\/public\/assets\/assets\/dummy.png\" alt=\"\" title=\"Home\" class=\"rev-slidebg tp-rs-img rs-lazyload\" data-lazyload=\"\/\/www.asthoncargo.es\/web\/wp-content\/uploads\/2015\/12\/5_tecnologias1.jpg\" data-bg=\"f:contain;\" data-parallax=\"off\" data-no-retina>\n<!--\n\t\t\t\t\t\t\t--><rs-layer\n\t\t\t\t\t\t\t\tid=\"slider-3-slide-17-layer-1\" \n\t\t\t\t\t\t\t\tclass=\"very_big_blackvery_big_black\"\n\t\t\t\t\t\t\t\tdata-type=\"text\"\n\t\t\t\t\t\t\t\tdata-color=\"rgba(10,0,0,1)\"\n\t\t\t\t\t\t\t\tdata-rsp_ch=\"on\"\n\t\t\t\t\t\t\t\tdata-xy=\"x:c;xo:-200px;y:m;yo:-114px;\"\n\t\t\t\t\t\t\t\tdata-text=\"w:normal;s:27;l:37;fw:700;a:right;\"\n\t\t\t\t\t\t\t\tdata-dim=\"w:556px;h:38px;\"\n\t\t\t\t\t\t\t\tdata-vbility=\"t,t,t,f\"\n\t\t\t\t\t\t\t\tdata-padding=\"r:16;\"\n\t\t\t\t\t\t\t\tdata-frame_0=\"y:top;o:1;tp:600;\"\n\t\t\t\t\t\t\t\tdata-frame_1=\"tp:600;e:power2.inOut;st:550;sp:550;\"\n\t\t\t\t\t\t\t\tdata-frame_999=\"x:-50px;o:0;tp:600;e:nothing;st:w;sp:500;\"\n\t\t\t\t\t\t\t\tstyle=\"z-index:5;background-color:rgba(255,255,255,0.75);font-family:'Ubuntu';text-align:right;letter-spacing:-1px;\"\n\t\t\t\t\t\t\t>Rapidez, agilidad y eficacia \n\t\t\t\t\t\t\t<\/rs-layer><!--\n\n\t\t\t\t\t\t\t--><rs-layer\n\t\t\t\t\t\t\t\tid=\"slider-3-slide-17-layer-3\" \n\t\t\t\t\t\t\t\tclass=\"very_big_black\"\n\t\t\t\t\t\t\t\tdata-type=\"text\"\n\t\t\t\t\t\t\t\tdata-color=\"rgba(216,12,32,1)\"\n\t\t\t\t\t\t\t\tdata-rsp_ch=\"on\"\n\t\t\t\t\t\t\t\tdata-xy=\"x:c;xo:-206px;y:m;yo:-76px;\"\n\t\t\t\t\t\t\t\tdata-text=\"w:normal;s:32;l:39;fw:700;a:right;\"\n\t\t\t\t\t\t\t\tdata-dim=\"w:568px;\"\n\t\t\t\t\t\t\t\tdata-vbility=\"t,t,t,f\"\n\t\t\t\t\t\t\t\tdata-padding=\"r:16;l:16;\"\n\t\t\t\t\t\t\t\tdata-frame_0=\"y:bottom;o:1;tp:600;\"\n\t\t\t\t\t\t\t\tdata-frame_1=\"tp:600;e:power2.inOut;st:1120;sp:450;\"\n\t\t\t\t\t\t\t\tdata-frame_999=\"x:50px;o:0;tp:600;e:nothing;st:w;sp:500;\"\n\t\t\t\t\t\t\t\tstyle=\"z-index:6;background-color:rgba(255,255,255,0.75);font-family:'Ubuntu';position:absolute;text-shadow:none;margin:0px;white-space:nowrap;padding-top:1px;letter-spacing:-1px;\"\n\t\t\t\t\t\t\t><span style=\"color:#000\">con la m\u00e1s alta<\/span> tecnolog\u00eda \n\t\t\t\t\t\t\t<\/rs-layer><!--\n-->\t\t\t\t\t\t<\/rs-slide>\n\t\t\t\t\t\t<rs-slide style=\"position: absolute;\" data-key=\"rs-18\" data-title=\"Slide\" data-thumb=\"\/\/www.asthoncargo.es\/web\/wp-content\/uploads\/2015\/12\/6_blog1-100x50.jpg\" data-link=\"\/\/www.asthoncargo.es\/web\/blog\/\" data-tag=\"l\" data-target=\"_self\" data-seoz=\"front\" data-in=\"o:0;\" data-out=\"a:false;\">\n\t\t\t\t\t\t\t<img src=\"\/\/www.asthoncargo.es\/web\/wp-content\/plugins\/revslider\/public\/assets\/assets\/dummy.png\" alt=\"\" title=\"Home\" class=\"rev-slidebg tp-rs-img rs-lazyload\" data-lazyload=\"\/\/www.asthoncargo.es\/web\/wp-content\/uploads\/2015\/12\/6_blog1.jpg\" data-bg=\"f:contain;\" data-parallax=\"off\" data-no-retina>\n<!--\n\t\t\t\t\t\t\t--><rs-layer\n\t\t\t\t\t\t\t\tid=\"slider-3-slide-18-layer-3\" \n\t\t\t\t\t\t\t\tclass=\"very_big_black\"\n\t\t\t\t\t\t\t\tdata-type=\"text\"\n\t\t\t\t\t\t\t\tdata-color=\"rgba(10,0,0,1)\"\n\t\t\t\t\t\t\t\tdata-rsp_ch=\"on\"\n\t\t\t\t\t\t\t\tdata-xy=\"x:c;xo:277px;y:m;yo:-99px;\"\n\t\t\t\t\t\t\t\tdata-text=\"w:normal;s:39;l:54;fw:700;\"\n\t\t\t\t\t\t\t\tdata-dim=\"w:605px;h:56px;\"\n\t\t\t\t\t\t\t\tdata-vbility=\"t,t,t,f\"\n\t\t\t\t\t\t\t\tdata-padding=\"r:16;l:16;\"\n\t\t\t\t\t\t\t\tdata-frame_0=\"x:right;o:1;tp:600;\"\n\t\t\t\t\t\t\t\tdata-frame_1=\"tp:600;e:power2.inOut;st:950;sp:580;\"\n\t\t\t\t\t\t\t\tdata-frame_999=\"x:50px;o:0;tp:600;e:nothing;st:w;sp:500;\"\n\t\t\t\t\t\t\t\tstyle=\"z-index:5;background-color:rgba(255,255,255,0.75);font-family:'Ubuntu';position:absolute;text-shadow:none;margin:0px;white-space:nowrap;padding-top:1px;letter-spacing:-1px;\"\n\t\t\t\t\t\t\t>Visite nuestro <span style=\"color:#d80c20\">BLOG<\/span> \n\t\t\t\t\t\t\t<\/rs-layer><!--\n-->\t\t\t\t\t\t<\/rs-slide>\n\t\t\t\t\t<\/rs-slides>\n\t\t\t\t<\/rs-module>\n\t\t\t\t<script>\n\t\t\t\t\tsetREVStartSize({c: 'rev_slider_3_1',rl:[1240,1024,778,480],el:[],gw:[940,940,778,480],gh:[350,350,320,280],type:'standard',justify:'',layout:'fullwidth',mh:\"0\"});if (window.RS_MODULES!==undefined && window.RS_MODULES.modules!==undefined && window.RS_MODULES.modules[\"revslider31\"]!==undefined) {window.RS_MODULES.modules[\"revslider31\"].once = false;window.revapi3 = undefined;if (window.RS_MODULES.checkMinimal!==undefined) window.RS_MODULES.checkMinimal()}\n\t\t\t\t<\/script>\n\t\t\t<\/rs-module-wrap>\n\t\t\t<!-- END REVOLUTION SLIDER -->\n<\/div>\n\t<\/div><\/div><div class=\"clearboth\"><\/div><\/div><div class=\"clearboth\"><\/div><\/div><div class=\"mk-main-wrapper-holder\"><div class=\"theme-page-wrapper  -layout mk-grid vc_row-fluid row-fluid\"><div class=\"theme-content \"><div id=\"ajax-69f30eb0e3c81\" class=\"mk-dynamic-styles\"><!--  .full-width-69f30eb0e3c81 { min-height:100px; padding:10px 0 10px; margin-bottom:0px; } #background-layer--69f30eb0e3c81 { background-position:left top; background-repeat:repeat; ; } --><\/div><div class=\"clearboth\"><\/div><\/div><\/div><\/div><div id=\"mk-page-section-69f30eb0e7996\" data-intro-effect=\"false\" class=\"full-width-69f30eb0e7996  full-height-false mk-page-section self-hosted mk-blur-parent mk-shortcode  \" ><div class=\"mk-video-color-mask\"><\/div><div class=\"background-clipper\"><\/div><div class=\"mk-grid vc_row-fluid page-section-content\"><div class=\"mk-padding-wrapper\">\n\t<div style=\"\" class=\"vc_col-sm-12 wpb_column column_container \">\n\t\t\t\t<div style=\"text-align: left;\" class=\"mk-text-block  true\"><p style=\"text-align: center; font-size: 16px;\">Asthon Cargo es una empresa dedicada al transporte internacional de mercanc\u00edas especializada en carga a\u00e9rea, mar\u00edtima y terrestre; Con un completo servicio en gesti\u00f3n aduanera, almacenaje, log\u00edstica y una alta preparaci\u00f3n\u00a0en cargas frigor\u00edficas, perecederas, peligrosas y de dimensiones especiales.<\/p>\n<h1><\/h1>\n<div class=\"clearboth\"><\/div><\/div> \n\t<\/div><\/div><div class=\"clearboth\"><\/div><\/div><div class=\"clearboth\"><\/div><\/div><div class=\"mk-main-wrapper-holder\"><div class=\"theme-page-wrapper  -layout mk-grid vc_row-fluid row-fluid\"><div class=\"theme-content \"><div id=\"ajax-69f30eb0e7996\" class=\"mk-dynamic-styles\"><!--  .full-width-69f30eb0e7996 { min-height:0px; padding:0px 0 10px; margin-bottom:0px; } #background-layer--69f30eb0e7996 { background-position:left top; background-repeat:repeat; ; } --><\/div><div class=\"wpb_row vc_row  vc_row-fluid  mk-fullwidth-false  attched-false vc_row-fluid\">\n\t<div style=\"\" class=\"vc_col-sm-12 wpb_column column_container \">\n\t\t\t<div class=\"vc_empty_space\"  style=\"height: 20px\" ><span\n\t\tclass=\"vc_empty_space_inner\"><\/span><\/div>\n\n\t<\/div><\/div><div class=\"clearboth\"><\/div><\/div><\/div><\/div><div id=\"mk-page-section-69f30eb0e7e44\" data-intro-effect=\"false\" class=\"full-width-69f30eb0e7e44  full-height-false mk-page-section self-hosted mk-blur-parent mk-shortcode  \" ><div class=\"mk-video-color-mask\"><\/div><div class=\"background-clipper\"><\/div><div class=\"mk-grid vc_row-fluid page-section-content\"><div class=\"mk-padding-wrapper\">\n\t<div style=\"\" class=\"vc_col-sm-4 wpb_column column_container \">\n\t\t\t<div class=\"mk-image-shortcode mk-shortcode   align-center mk-animate-element fade-in simple-frame inside-image \" style=\"max-width: 147px; margin-bottom:10px\"><div class=\"mk-image-inner\"><a href=\"http:\/\/www.asthoncargo.es\/web\/asthon-cargo\/\" target=\"_self\" class=\"mk-image-shortcode-link\"><img class=\"lightbox-false\" alt=\"\" title=\"\" src=\"http:\/\/www.asthoncargo.es\/web\/wp-content\/uploads\/2015\/12\/asthon-cargo1-02-300x3001.png\" \/><\/a><\/div><div class=\"clearboth\"><\/div><\/div><div class=\"vc_empty_space\"  style=\"height: 15px\" ><span\n\t\tclass=\"vc_empty_space_inner\"><\/span><\/div>\n\t<div style=\"text-align: left;\" class=\"mk-text-block  true\"><h1 style=\"text-align: center; text-transform: none;\">Soluciones integrales<\/h1>\n<p style=\"text-align: center;\">Aplicamos las m\u00e1s avanzadas t\u00e9cnicas de log\u00edstica integral, logrando la m\u00e1xima rapidez, eficacia y profesionalidad en todos nuestros env\u00edos.<\/p>\n<div class=\"clearboth\"><\/div><\/div> <div class=\"mk-button-align center\"><a href=\"http:\/\/www.asthoncargo.es\/web\/asthon-cargo\/\" target=\"_self\"  class=\"mk-button dark button-69f30eb0e8699 light-color  flat-dimension medium pointed   \"><span>ACCEDER<\/span><\/a><\/div>\n\n<div id=\"ajax-69f30eb0e8699\" class=\"mk-dynamic-styles\"><!--  .button-69f30eb0e8699 { margin-bottom: 15px; margin-top: 0px; min-width: 0px !important; } .button-69f30eb0e8699 { background-color:#cdcdcd; } .mk-button.button-69f30eb0e8699.flat-dimension:hover { background-color:#1f1a54 !important; } --><\/div>\n\t<\/div>\n\t<div style=\"\" class=\"vc_col-sm-4 wpb_column column_container \">\n\t\t\t<div class=\"mk-image-shortcode mk-shortcode   align-center mk-animate-element fade-in simple-frame inside-image \" style=\"max-width: 147px; margin-bottom:10px\"><div class=\"mk-image-inner\"><a href=\"http:\/\/www.asthoncargo.es\/web\/red-internacional-de-agentes\/\" target=\"_self\" class=\"mk-image-shortcode-link\"><img class=\"lightbox-false\" alt=\"\" title=\"\" src=\"http:\/\/www.asthoncargo.es\/web\/wp-content\/uploads\/2015\/12\/asthon-cargo2-03-300x3001.png\" \/><\/a><\/div><div class=\"clearboth\"><\/div><\/div><div class=\"vc_empty_space\"  style=\"height: 15px\" ><span\n\t\tclass=\"vc_empty_space_inner\"><\/span><\/div>\n\t<div style=\"text-align: left;\" class=\"mk-text-block  true\"><h1 style=\"text-align: center; text-transform: none;\">Red Internacional de Agentes<\/h1>\n<p style=\"text-align: center;\">Nuestra red internacional de agentes nos permite estar representados en m\u00e1s de 190 pa\u00edses, 759 ciudades y puertos de todo el mundo.<\/p>\n<div class=\"clearboth\"><\/div><\/div> <div class=\"mk-button-align center\"><a href=\"http:\/\/www.asthoncargo.es\/web\/red-internacional-de-agentes\/\" target=\"_self\"  class=\"mk-button dark button-69f30eb0e8d85 light-color  flat-dimension medium pointed   \"><span>ACCEDER<\/span><\/a><\/div>\n\n<div id=\"ajax-69f30eb0e8d85\" class=\"mk-dynamic-styles\"><!--  .button-69f30eb0e8d85 { margin-bottom: 15px; margin-top: 0px; min-width: 0px !important; } .button-69f30eb0e8d85 { background-color:#cdcdcd; } .mk-button.button-69f30eb0e8d85.flat-dimension:hover { background-color:#1f1a54 !important; } --><\/div>\n\t<\/div>\n\t<div style=\"\" class=\"vc_col-sm-4 wpb_column column_container \">\n\t\t\t<div class=\"mk-image-shortcode mk-shortcode   align-center mk-animate-element fade-in simple-frame inside-image \" style=\"max-width: 147px; margin-bottom:10px\"><div class=\"mk-image-inner\"><a href=\"http:\/\/www.asthoncargo.es\/web\/cargas-especiales\/\" target=\"_self\" class=\"mk-image-shortcode-link\"><img class=\"lightbox-false\" alt=\"\" title=\"\" src=\"http:\/\/www.asthoncargo.es\/web\/wp-content\/uploads\/2015\/12\/asthon-cargo3-04-300x3001.png\" \/><\/a><\/div><div class=\"clearboth\"><\/div><\/div><div class=\"vc_empty_space\"  style=\"height: 15px\" ><span\n\t\tclass=\"vc_empty_space_inner\"><\/span><\/div>\n\t<div style=\"text-align: left;\" class=\"mk-text-block  true\"><h1 style=\"text-align: center; text-transform: none;\">Cargas y soluciones especiales<\/h1>\n<p style=\"text-align: center;\">Dise\u00f1amos la mejor soluci\u00f3n para sus cargas que requieran una alta especializaci\u00f3n: Perecederos, mercanc\u00edas peligrosas y sobredimensionadas.<\/p>\n<div class=\"clearboth\"><\/div><\/div> <div class=\"mk-button-align center\"><a href=\"http:\/\/www.asthoncargo.es\/web\/cargas-especiales\/\" target=\"_self\"  class=\"mk-button dark button-69f30eb0e93d2 light-color  flat-dimension medium pointed   \"><span>ACCEDER<\/span><\/a><\/div>\n\n<div id=\"ajax-69f30eb0e93d2\" class=\"mk-dynamic-styles\"><!--  .button-69f30eb0e93d2 { margin-bottom: 15px; margin-top: 0px; min-width: 0px !important; } .button-69f30eb0e93d2 { background-color:#cdcdcd; } .mk-button.button-69f30eb0e93d2.flat-dimension:hover { background-color:#1f1a54 !important; } --><\/div>\n\t<\/div><\/div><div class=\"clearboth\"><\/div><\/div><div class=\"clearboth\"><\/div><\/div><div class=\"mk-main-wrapper-holder\"><div class=\"theme-page-wrapper  -layout mk-grid vc_row-fluid row-fluid\"><div class=\"theme-content \"><div id=\"ajax-69f30eb0e7e44\" class=\"mk-dynamic-styles\"><!--  .full-width-69f30eb0e7e44 { min-height:100px; padding:10px 0 10px; margin-bottom:0px; } #background-layer--69f30eb0e7e44 { background-position:left top; background-repeat:repeat; ; } --><\/div><div class=\"wpb_row vc_row  vc_row-fluid  mk-fullwidth-false  attched-false vc_row-fluid\">\n\t<div style=\"\" class=\"vc_col-sm-12 wpb_column column_container \">\n\t\t\t<div class=\"vc_empty_space\"  style=\"height: 100px\" ><span\n\t\tclass=\"vc_empty_space_inner\"><\/span><\/div>\n\n\t<\/div><\/div>","protected":false},"excerpt":{"rendered":"Asthon Cargo, servicios mar\u00edtimos, a\u00e9reos y terrestres Soluciones en movimiento para SU NEGOCIO? \u00bfBusca respuestas r\u00e1pidas y efectivas Adaptamos nuestros servicios a sus necesidades Rapidez, agilidad y eficacia con la m\u00e1s alta tecnolog\u00eda Visite nuestro BLOG setREVStartSize({c: 'rev_slider_3_3',rl:[1240,1024,778,480],el:[],gw:[940,940,778,480],gh:[350,350,320,280],type:'standard',justify:'',layout:'fullwidth',mh:\"0\"});if (window.RS_MODULES!==undefined && window.RS_MODULES.modules!==undefined && window.RS_MODULES.modules[\"revslider33\"]!==undefined) {window.RS_MODULES.modules[\"revslider33\"].once = false;window.revapi3_3 = undefined;if (window.RS_MODULES.checkMinimal!==undefined) window.RS_MODULES.checkMinimal()} Asthon Cargo es una empresa [...]","protected":false},"author":1,"featured_media":0,"parent":0,"menu_order":0,"comment_status":"closed","ping_status":"closed","template":"","meta":[],"_links":{"self":[{"href":"http:\/\/www.asthoncargo.es\/web\/wp-json\/wp\/v2\/pages\/297"}],"collection":[{"href":"http:\/\/www.asthoncargo.es\/web\/wp-json\/wp\/v2\/pages"}],"about":[{"href":"http:\/\/www.asthoncargo.es\/web\/wp-json\/wp\/v2\/types\/page"}],"author":[{"embeddable":true,"href":"http:\/\/www.asthoncargo.es\/web\/wp-json\/wp\/v2\/users\/1"}],"replies":[{"embeddable":true,"href":"http:\/\/www.asthoncargo.es\/web\/wp-json\/wp\/v2\/comments?post=297"}],"version-history":[{"count":5,"href":"http:\/\/www.asthoncargo.es\/web\/wp-json\/wp\/v2\/pages\/297\/revisions"}],"predecessor-version":[{"id":1839,"href":"http:\/\/www.asthoncargo.es\/web\/wp-json\/wp\/v2\/pages\/297\/revisions\/1839"}],"wp:attachment":[{"href":"http:\/\/www.asthoncargo.es\/web\/wp-json\/wp\/v2\/media?parent=297"}],"curies":[{"name":"wp","href":"https:\/\/api.w.org\/{rel}","templated":true}]}}