{"id":76,"date":"2015-11-23T16:18:49","date_gmt":"2015-11-23T16:18:49","guid":{"rendered":"http:\/\/albertosoler.net\/asthoncargodev\/?page_id=76"},"modified":"2015-11-23T16:18:49","modified_gmt":"2015-11-23T16:18:49","slug":"agente-de-aduanas-2","status":"publish","type":"page","link":"http:\/\/www.asthoncargo.es\/web\/agente-de-aduanas-2\/","title":{"rendered":"Agente de aduanas"},"content":{"rendered":"<div class=\"clearboth\"><\/div><\/div><\/div><\/div><div id=\"mk-page-section-69e26d1d6d21e\" data-intro-effect=\"false\" class=\"full-width-69e26d1d6d21e  mk-animate-element fade-in  full-height-false mk-page-section self-hosted mk-blur-parent mk-shortcode  \" ><div class=\"mk-video-color-mask\"><\/div><div class=\"background-clipper\"><\/div><div class=\"mk-grid vc_row-fluid page-section-content\"><div class=\"mk-padding-wrapper\">\n\t<div style=\"\" class=\"vc_col-sm-12 wpb_column column_container \">\n\t\t\t<div class=\"vc_empty_space\"  style=\"height: 30px\" ><span\n\t\tclass=\"vc_empty_space_inner\"><\/span><\/div>\n\t<div style=\"text-align: left;\" class=\"mk-text-block  true\"><h1>REPRESENTANTES ADUANEROS<\/h1>\n<div class=\"clearboth\"><\/div><\/div> <div class=\"vc_empty_space\"  style=\"height: 20px\" ><span\n\t\tclass=\"vc_empty_space_inner\"><\/span><\/div>\n<div class=\"wpb_row vc_inner vc_row  vc_row-fluid   attched-false vc_row-fluid\"><div class=\"wpb_column vc_column_container vc_col-sm-6\"><div class=\"wpb_wrapper\">\n\t<div class=\"wpb_single_image wpb_content_element vc_align_center\">\n\t\t<div class=\"wpb_wrapper\">\n\t\t\t\n\t\t\t<a class=\"prettyphoto\" rel=\"prettyPhoto[rel-76-1456547677]\" href=\"http:\/\/www.asthoncargo.es\/web\/wp-content\/uploads\/2015\/11\/Agente-de-aduanas1.jpg\" target=\"_self\"><div class=\"vc_single_image-wrapper  \"><img width=\"473\" height=\"355\" src=\"http:\/\/www.asthoncargo.es\/web\/wp-content\/uploads\/2015\/11\/Agente-de-aduanas1.jpg\" class=\"vc_single_image-img attachment-full\" alt=\"\" loading=\"lazy\" srcset=\"http:\/\/www.asthoncargo.es\/web\/wp-content\/uploads\/2015\/11\/Agente-de-aduanas1.jpg 473w, http:\/\/www.asthoncargo.es\/web\/wp-content\/uploads\/2015\/11\/Agente-de-aduanas1-300x225.jpg 300w\" sizes=\"(max-width: 473px) 100vw, 473px\" \/><\/div><\/a>\n\t\t<\/div>\n\t<\/div>\n<\/div><\/div><div class=\"wpb_column vc_column_container vc_col-sm-6\"><div class=\"wpb_wrapper\">\t<div style=\"text-align: left;\" class=\"mk-text-block  true\"><p>En todas nuestras oficinas disponemos de <strong>autorizaci\u00f3n administrativa como representantes aduaneros<\/strong>. Un equipo que trabaja desde las diferentes oficinas para satisfacer las necesidades de nuestros clientes con un alto grado de <strong>profesionalidad<\/strong>, <strong>eficacia<\/strong> y <strong>reconocimiento<\/strong> de la propia administraci\u00f3n.<\/p>\n<h2>Servicios de consultor\u00eda en:<\/h2>\n<ul>\n<ul>\n<li>Clasificaci\u00f3n arancelaria.<\/li>\n<li>Gesti\u00f3n y tramitaci\u00f3n de reg\u00edmenes aduaneros.<\/li>\n<li>Contingentes.<\/li>\n<li>Tramitaci\u00f3n de certificados de captura ante la Secretar\u00eda del Mar, SOIVRE, FITO y otros organismos oficiales.<\/li>\n<li>Tramitaci\u00f3n de EORI.<\/li>\n<li>Representaci\u00f3n fiscal.<\/li>\n<\/ul>\n<\/ul>\n<div class=\"clearboth\"><\/div><\/div> <\/div><\/div><\/div><div class=\"vc_empty_space\"  style=\"height: 100px\" ><span\n\t\tclass=\"vc_empty_space_inner\"><\/span><\/div>\n\n\t<\/div><\/div><div class=\"clearboth\"><\/div><\/div><div class=\"clearboth\"><\/div><\/div><div class=\"mk-main-wrapper-holder\"><div class=\"theme-page-wrapper  -layout mk-grid vc_row-fluid row-fluid\"><div class=\"theme-content \"><div id=\"ajax-69e26d1d6d21e\" class=\"mk-dynamic-styles\"><!--  .full-width-69e26d1d6d21e { min-height:0px; padding:10px 0 10px; margin-bottom:0px; } #background-layer--69e26d1d6d21e { background-position:left top; background-repeat:repeat; ; } --><\/div>","protected":false},"excerpt":{"rendered":"REPRESENTANTES ADUANEROS En todas nuestras oficinas disponemos de autorizaci\u00f3n administrativa como representantes aduaneros. Un equipo que trabaja desde las diferentes oficinas para satisfacer las necesidades de nuestros clientes con un alto grado de profesionalidad, eficacia y reconocimiento de la propia administraci\u00f3n. Servicios de consultor\u00eda en: Clasificaci\u00f3n arancelaria. Gesti\u00f3n y tramitaci\u00f3n de reg\u00edmenes aduaneros. Contingentes. Tramitaci\u00f3n [...]","protected":false},"author":1,"featured_media":0,"parent":0,"menu_order":0,"comment_status":"closed","ping_status":"closed","template":"","meta":[],"_links":{"self":[{"href":"http:\/\/www.asthoncargo.es\/web\/wp-json\/wp\/v2\/pages\/76"}],"collection":[{"href":"http:\/\/www.asthoncargo.es\/web\/wp-json\/wp\/v2\/pages"}],"about":[{"href":"http:\/\/www.asthoncargo.es\/web\/wp-json\/wp\/v2\/types\/page"}],"author":[{"embeddable":true,"href":"http:\/\/www.asthoncargo.es\/web\/wp-json\/wp\/v2\/users\/1"}],"replies":[{"embeddable":true,"href":"http:\/\/www.asthoncargo.es\/web\/wp-json\/wp\/v2\/comments?post=76"}],"version-history":[{"count":0,"href":"http:\/\/www.asthoncargo.es\/web\/wp-json\/wp\/v2\/pages\/76\/revisions"}],"wp:attachment":[{"href":"http:\/\/www.asthoncargo.es\/web\/wp-json\/wp\/v2\/media?parent=76"}],"curies":[{"name":"wp","href":"https:\/\/api.w.org\/{rel}","templated":true}]}}