{"id":84,"date":"2015-11-23T16:29:32","date_gmt":"2015-11-23T16:29:32","guid":{"rendered":"http:\/\/albertosoler.net\/asthoncargodev\/?page_id=84"},"modified":"2017-01-17T10:36:48","modified_gmt":"2017-01-17T10:36:48","slug":"red-internacional-de-agentes","status":"publish","type":"page","link":"http:\/\/www.asthoncargo.es\/web\/red-internacional-de-agentes\/","title":{"rendered":"Red internacional de agentes"},"content":{"rendered":"<div class=\"clearboth\"><\/div><\/div><\/div><\/div><div id=\"mk-page-section-69e2245dde50d\" data-intro-effect=\"false\" class=\"full-width-69e2245dde50d  mk-animate-element fade-in  full-height-false mk-page-section self-hosted mk-blur-parent mk-shortcode  \" ><div class=\"mk-video-color-mask\"><\/div><div class=\"background-clipper\"><\/div><div class=\"mk-grid vc_row-fluid page-section-content\"><div class=\"mk-padding-wrapper\">\n\t<div style=\"\" class=\"vc_col-sm-12 wpb_column column_container \">\n\t\t\t<div class=\"vc_empty_space\"  style=\"height: 30px\" ><span\n\t\tclass=\"vc_empty_space_inner\"><\/span><\/div>\n<div class=\"wpb_row vc_inner vc_row  vc_row-fluid   attched-false vc_row-fluid vc_custom_1449074633423\"><div class=\"wpb_column vc_column_container vc_col-sm-12\"><div class=\"wpb_wrapper\">\n\t<div class=\"wpb_single_image wpb_content_element vc_align_left\">\n\t\t<div class=\"wpb_wrapper\">\n\t\t\t\n\t\t\t<div class=\"vc_single_image-wrapper  \"><img width=\"1650\" height=\"582\" src=\"http:\/\/www.asthoncargo.es\/web\/wp-content\/uploads\/2015\/11\/cabecera-red-internacional2.jpg\" class=\"vc_single_image-img attachment-full\" alt=\"\" loading=\"lazy\" srcset=\"http:\/\/www.asthoncargo.es\/web\/wp-content\/uploads\/2015\/11\/cabecera-red-internacional2.jpg 1650w, http:\/\/www.asthoncargo.es\/web\/wp-content\/uploads\/2015\/11\/cabecera-red-internacional2-300x106.jpg 300w, http:\/\/www.asthoncargo.es\/web\/wp-content\/uploads\/2015\/11\/cabecera-red-internacional2-1024x361.jpg 1024w\" sizes=\"(max-width: 1650px) 100vw, 1650px\" \/><\/div>\n\t\t<\/div>\n\t<\/div>\n<\/div><\/div><\/div><div class=\"vc_empty_space\"  style=\"height: 30px\" ><span\n\t\tclass=\"vc_empty_space_inner\"><\/span><\/div>\n\t<div style=\"text-align: left;\" class=\"mk-text-block  true\"><h1>RED INTERNACIONAL DE AGENTES<\/h1>\n<div class=\"clearboth\"><\/div><\/div> <div class=\"vc_empty_space\"  style=\"height: 20px\" ><span\n\t\tclass=\"vc_empty_space_inner\"><\/span><\/div>\n<div class=\"wpb_row vc_inner vc_row  vc_row-fluid   attched-false vc_row-fluid\"><div class=\"wpb_column vc_column_container vc_col-sm-5\"><div class=\"wpb_wrapper\">\n\t<div class=\"wpb_single_image wpb_content_element vc_align_center\">\n\t\t<div class=\"wpb_wrapper\">\n\t\t\t\n\t\t\t<div class=\"vc_single_image-wrapper  \"><img width=\"385\" height=\"201\" src=\"http:\/\/www.asthoncargo.es\/web\/wp-content\/uploads\/2015\/11\/red-internacional-de-agentes1.jpg\" class=\"vc_single_image-img attachment-full\" alt=\"\" loading=\"lazy\" srcset=\"http:\/\/www.asthoncargo.es\/web\/wp-content\/uploads\/2015\/11\/red-internacional-de-agentes1.jpg 385w, http:\/\/www.asthoncargo.es\/web\/wp-content\/uploads\/2015\/11\/red-internacional-de-agentes1-300x157.jpg 300w\" sizes=\"(max-width: 385px) 100vw, 385px\" \/><\/div>\n\t\t<\/div>\n\t<\/div>\n<\/div><\/div><div class=\"wpb_column vc_column_container vc_col-sm-7\"><div class=\"wpb_wrapper\">\t<div style=\"text-align: left;\" class=\"mk-text-block  true\"><p>Ser miembro de las m\u00e1s prestigiosas redes internacionales de agentes (WCA) nos permite estar representados en m\u00e1s 190 pa\u00edses y 759 ciudades y puertos, representados por agencias locales de primer orden comprometidas con la excelencia en el servicio.<\/p>\n<ul>\n<li>Contactos para la investigaci\u00f3n y resoluci\u00f3n de incidencias en puertos de pa\u00edses extranjeros.<\/li>\n<li>Desarrollo de operaciones de transporte, log\u00edstica y aduanas, en pa\u00edses de origen y destino.<\/li>\n<li>Inspecciones de calidad en origen para importaci\u00f3n.<\/li>\n<\/ul>\n<div class=\"clearboth\"><\/div><\/div> <\/div><\/div><\/div><div class=\"vc_empty_space\"  style=\"height: 60px\" ><span\n\t\tclass=\"vc_empty_space_inner\"><\/span><\/div>\n\n\t<\/div><\/div><div class=\"clearboth\"><\/div><\/div><div class=\"clearboth\"><\/div><\/div><div class=\"mk-main-wrapper-holder\"><div class=\"theme-page-wrapper  -layout mk-grid vc_row-fluid row-fluid\"><div class=\"theme-content \"><div id=\"ajax-69e2245dde50d\" class=\"mk-dynamic-styles\"><!--  .full-width-69e2245dde50d { min-height:100px; padding:10px 0 0px; margin-bottom:0px; } #background-layer--69e2245dde50d { background-position:left top; background-repeat:repeat; ; } --><\/div><\/div><\/div><\/div><div class=\"wpb_row vc_row  vc_row-fluid  mk-fullwidth-true  attched-false vc_row-fluid vc_custom_1449075722790\">\n\t<div style=\"\" class=\"vc_col-sm-12 wpb_column column_container \">\n\t\t\t<div class=\"vc_empty_space\"  style=\"height: 60px\" ><span\n\t\tclass=\"vc_empty_space_inner\"><\/span><\/div>\n<div class=\"wpb_row vc_inner vc_row  vc_row-fluid   attched-false vc_row-fluid\"><div class=\"wpb_column vc_column_container vc_col-sm-12\"><div class=\"wpb_wrapper\">\t<div style=\"text-align: left;\" class=\"mk-text-block  true\"><h2 style=\"text-align: center;\">Miembros de:<\/h2>\n<div class=\"clearboth\"><\/div><\/div> <\/div><\/div><\/div><div class=\"vc_empty_space\"  style=\"height: 20px\" ><span\n\t\tclass=\"vc_empty_space_inner\"><\/span><\/div>\n<div class=\"wpb_row vc_inner vc_row columna vc_row-fluid   attched-false vc_row-fluid vc_custom_1448301481901\"><div class=\"wpb_column vc_column_container vc_col-sm-4\"><div class=\"wpb_wrapper\">\n\t<div class=\"wpb_single_image wpb_content_element vc_align_center\">\n\t\t<div class=\"wpb_wrapper\">\n\t\t\t\n\t\t\t<a href=\"http:\/\/www.wcaworld.com\/eng\/home.asp\" target=\"_blank\"><div class=\"vc_single_image-wrapper  \"><img width=\"242\" height=\"112\" src=\"http:\/\/www.asthoncargo.es\/web\/wp-content\/uploads\/2015\/11\/Logo_WCA1.jpg\" class=\"vc_single_image-img attachment-full\" alt=\"\" loading=\"lazy\" \/><\/div><\/a>\n\t\t<\/div>\n\t<\/div>\n<\/div><\/div><div class=\"wpb_column vc_column_container vc_col-sm-4\"><div class=\"wpb_wrapper\">\n\t<div class=\"wpb_single_image wpb_content_element vc_align_center\">\n\t\t<div class=\"wpb_wrapper\">\n\t\t\t\n\t\t\t<a href=\"http:\/\/www.wcafirst.com\/eng\/home.asp\" target=\"_blank\"><div class=\"vc_single_image-wrapper  \"><img width=\"242\" height=\"112\" src=\"http:\/\/www.asthoncargo.es\/web\/wp-content\/uploads\/2015\/11\/WCA-First_for-white-background1.jpg\" class=\"vc_single_image-img attachment-full\" alt=\"\" loading=\"lazy\" \/><\/div><\/a>\n\t\t<\/div>\n\t<\/div>\n<\/div><\/div><div class=\"wpb_column vc_column_container vc_col-sm-4\"><div class=\"wpb_wrapper\">\n\t<div class=\"wpb_single_image wpb_content_element vc_align_center\">\n\t\t<div class=\"wpb_wrapper\">\n\t\t\t\n\t\t\t<a href=\"http:\/\/www.wcaperishables.com\/eng\/home.asp\" target=\"_blank\"><div class=\"vc_single_image-wrapper  \"><img width=\"242\" height=\"112\" src=\"http:\/\/www.asthoncargo.es\/web\/wp-content\/uploads\/2015\/11\/WCA-Perishables_for-white-background1.jpg\" class=\"vc_single_image-img attachment-full\" alt=\"\" loading=\"lazy\" \/><\/div><\/a>\n\t\t<\/div>\n\t<\/div>\n<\/div><\/div><\/div><div class=\"vc_empty_space\"  style=\"height: 40px\" ><span\n\t\tclass=\"vc_empty_space_inner\"><\/span><\/div>\n<div class=\"wpb_row vc_inner vc_row columna vc_row-fluid   attched-false vc_row-fluid vc_custom_1448301481901\"><div class=\"wpb_column vc_column_container vc_col-sm-3\"><div class=\"wpb_wrapper\"><\/div><\/div><div class=\"wpb_column vc_column_container vc_col-sm-3\"><div class=\"wpb_wrapper\">\n\t<div class=\"wpb_single_image wpb_content_element vc_align_center\">\n\t\t<div class=\"wpb_wrapper\">\n\t\t\t\n\t\t\t<a href=\"http:\/\/www.x2coldchain.com\/\" target=\"_blank\"><div class=\"vc_single_image-wrapper  \"><img width=\"242\" height=\"112\" src=\"http:\/\/www.asthoncargo.es\/web\/wp-content\/uploads\/2015\/11\/cold_chain.jpg\" class=\"vc_single_image-img attachment-full\" alt=\"\" loading=\"lazy\" \/><\/div><\/a>\n\t\t<\/div>\n\t<\/div>\n<\/div><\/div><div class=\"wpb_column vc_column_container vc_col-sm-3\"><div class=\"wpb_wrapper\">\n\t<div class=\"wpb_single_image wpb_content_element vc_align_center\">\n\t\t<div class=\"wpb_wrapper\">\n\t\t\t\n\t\t\t<a href=\"http:\/\/alfalogisticsnetwork.com\/\" target=\"_blank\"><div class=\"vc_single_image-wrapper  \"><img width=\"242\" height=\"112\" src=\"http:\/\/www.asthoncargo.es\/web\/wp-content\/uploads\/2015\/11\/alfa.png\" class=\"vc_single_image-img attachment-full\" alt=\"\" loading=\"lazy\" \/><\/div><\/a>\n\t\t<\/div>\n\t<\/div>\n<\/div><\/div><div class=\"wpb_column vc_column_container vc_col-sm-3\"><div class=\"wpb_wrapper\"><\/div><\/div><\/div><div class=\"vc_empty_space\"  style=\"height: 100px\" ><span\n\t\tclass=\"vc_empty_space_inner\"><\/span><\/div>\n\n\t<\/div><\/div><div class=\"mk-main-wrapper-holder\"><div class=\"theme-page-wrapper full-layout mk-grid vc_row-fluid no-padding\"><div class=\"theme-content no-padding\">","protected":false},"excerpt":{"rendered":"RED INTERNACIONAL DE AGENTES Ser miembro de las m\u00e1s prestigiosas redes internacionales de agentes (WCA) nos permite estar representados en m\u00e1s 190 pa\u00edses y 759 ciudades y puertos, representados por agencias locales de primer orden comprometidas con la excelencia en el servicio. Contactos para la investigaci\u00f3n y resoluci\u00f3n de incidencias en puertos de pa\u00edses extranjeros. [...]","protected":false},"author":1,"featured_media":0,"parent":0,"menu_order":0,"comment_status":"closed","ping_status":"closed","template":"","meta":[],"_links":{"self":[{"href":"http:\/\/www.asthoncargo.es\/web\/wp-json\/wp\/v2\/pages\/84"}],"collection":[{"href":"http:\/\/www.asthoncargo.es\/web\/wp-json\/wp\/v2\/pages"}],"about":[{"href":"http:\/\/www.asthoncargo.es\/web\/wp-json\/wp\/v2\/types\/page"}],"author":[{"embeddable":true,"href":"http:\/\/www.asthoncargo.es\/web\/wp-json\/wp\/v2\/users\/1"}],"replies":[{"embeddable":true,"href":"http:\/\/www.asthoncargo.es\/web\/wp-json\/wp\/v2\/comments?post=84"}],"version-history":[{"count":10,"href":"http:\/\/www.asthoncargo.es\/web\/wp-json\/wp\/v2\/pages\/84\/revisions"}],"predecessor-version":[{"id":2002,"href":"http:\/\/www.asthoncargo.es\/web\/wp-json\/wp\/v2\/pages\/84\/revisions\/2002"}],"wp:attachment":[{"href":"http:\/\/www.asthoncargo.es\/web\/wp-json\/wp\/v2\/media?parent=84"}],"curies":[{"name":"wp","href":"https:\/\/api.w.org\/{rel}","templated":true}]}}